{"id":1771,"date":"2020-03-29T17:52:39","date_gmt":"2020-03-29T15:52:39","guid":{"rendered":"http:\/\/bkturismo.com\/?page_id=1771"},"modified":"2020-05-25T20:59:18","modified_gmt":"2020-05-25T18:59:18","slug":"o-nas","status":"publish","type":"page","link":"https:\/\/bkturismo.com\/en\/o-nas\/","title":{"rendered":"ABOUT US"},"content":{"rendered":"<div class=\"vc_row wpb_row vc_row-fluid vc_custom_1587507885015 vc_row-o-content-middle vc_row-flex\"><div class=\"wpb_column vc_column_container vc_col-sm-6 sc_layouts_column_icons_position_left\"><div class=\"vc_column-inner\"><div class=\"wpb_wrapper\">\n\t<div class=\"wpb_text_column wpb_content_element  vc_custom_1589494899482\" >\n\t\t<div class=\"wpb_wrapper\">\n\t\t\t<h1 class=\"sc_item_title sc_services_title sc_align_center sc_item_title_style_icon sc_item_title_tag\" style=\"text-align: center;\">Who are we?<\/h1>\n\n\t\t<\/div>\n\t<\/div>\n<\/div><\/div><\/div><div class=\"wpb_column vc_column_container vc_col-sm-6 sc_layouts_column_icons_position_left\"><div class=\"vc_column-inner\"><div class=\"wpb_wrapper\">\n\t<div  class=\"wpb_single_image wpb_content_element vc_align_left\">\n\t\t\n\t\t<figure class=\"wpb_wrapper vc_figure\">\n\t\t\t<a data-rel=\"prettyPhoto[rel-1771-2970161755]\" href=\"https:\/\/bkturismo.com\/wp-content\/uploads\/2020\/04\/BK-Turismo-biuro.jpg\" target=\"_self\" class=\"vc_single_image-wrapper   vc_box_border_grey prettyphoto\"><img loading=\"lazy\" decoding=\"async\" width=\"1000\" height=\"563\" src=\"https:\/\/bkturismo.com\/wp-content\/uploads\/2020\/04\/BK-Turismo-biuro.jpg\" class=\"vc_single_image-img attachment-full\" alt=\"\" srcset=\"https:\/\/bkturismo.com\/wp-content\/uploads\/2020\/04\/BK-Turismo-biuro.jpg 1000w, https:\/\/bkturismo.com\/wp-content\/uploads\/2020\/04\/BK-Turismo-biuro-300x169.jpg 300w, https:\/\/bkturismo.com\/wp-content\/uploads\/2020\/04\/BK-Turismo-biuro-768x432.jpg 768w, https:\/\/bkturismo.com\/wp-content\/uploads\/2020\/04\/BK-Turismo-biuro-370x208.jpg 370w, https:\/\/bkturismo.com\/wp-content\/uploads\/2020\/04\/BK-Turismo-biuro-760x428.jpg 760w, https:\/\/bkturismo.com\/wp-content\/uploads\/2020\/04\/BK-Turismo-biuro-270x152.jpg 270w\" sizes=\"auto, (max-width: 1000px) 100vw, 1000px\" \/><\/a>\n\t\t<\/figure>\n\t<\/div>\n<\/div><\/div><\/div><\/div><div class=\"vc_row wpb_row vc_row-fluid vc_custom_1589495152348\"><div class=\"wpb_column vc_column_container vc_col-sm-12 sc_layouts_column_icons_position_left\"><div class=\"vc_column-inner\"><div class=\"wpb_wrapper\">\n\t<div class=\"wpb_text_column wpb_content_element\" >\n\t\t<div class=\"wpb_wrapper\">\n\t\t\t<p style=\"text-align: justify;\">BK Turismo is the largest, reputable sports travel agency with many years of experience, which focuses on professional and comprehensive organization of football camps abroad.<\/p>\n<p style=\"text-align: justify;\">BK Turismo also organizes sports camps for such disciplines as: basketball, swimming, triathlon, acrobatics, handball, judo.<\/p>\n<p style=\"text-align: justify;\">Football training internships for coaches, international tournaments in Spain and training workshops with Atletico de Madrid in Poland are our flagship projects, which we also implement.<\/p>\n<p style=\"text-align: justify;\">Every year more than 7 000 participants from all over Poland take part in our camps. We have also hosted academies from England, Holland, Italy and Sweden. We cooperate with over 280 Academies from Poland. During winter holidays in Spain we serve about 3 000 participants.<\/p>\n<p style=\"text-align: justify;\">We have been cooperating with the biggest football clubs in Poland for years now. Our work is known and especially appreciated on the Spanish market, where we cooperate with such clubs as: Girona FC, Espanyol RCD, Villa Real.<\/p>\n<h5 style=\"text-align: center;\">The main strategic partner of the company is Atletico de Madrid Academy.<\/h5>\n\n\t\t<\/div>\n\t<\/div>\n<\/div><\/div><\/div><\/div><div class=\"vc_row wpb_row vc_row-fluid vc_custom_1589495186306 vc_row-o-content-middle vc_row-flex\"><div class=\"wpb_column vc_column_container vc_col-sm-6 vc_hidden-xs sc_layouts_column_icons_position_left\"><div class=\"vc_column-inner\"><div class=\"wpb_wrapper\">\n\t<div  class=\"wpb_single_image wpb_content_element vc_align_left  vc_custom_1587508681483\">\n\t\t\n\t\t<figure class=\"wpb_wrapper vc_figure\">\n\t\t\t<a data-rel=\"prettyPhoto[rel-1771-790031038]\" href=\"https:\/\/bkturismo.com\/wp-content\/uploads\/2020\/04\/lokalizacja-BK-1024x498.jpg\" target=\"_self\" class=\"vc_single_image-wrapper   vc_box_border_grey prettyphoto\"><img loading=\"lazy\" decoding=\"async\" width=\"1111\" height=\"540\" src=\"https:\/\/bkturismo.com\/wp-content\/uploads\/2020\/04\/lokalizacja-BK.jpg\" class=\"vc_single_image-img attachment-full\" alt=\"\" srcset=\"https:\/\/bkturismo.com\/wp-content\/uploads\/2020\/04\/lokalizacja-BK.jpg 1111w, https:\/\/bkturismo.com\/wp-content\/uploads\/2020\/04\/lokalizacja-BK-300x146.jpg 300w, https:\/\/bkturismo.com\/wp-content\/uploads\/2020\/04\/lokalizacja-BK-1024x498.jpg 1024w, https:\/\/bkturismo.com\/wp-content\/uploads\/2020\/04\/lokalizacja-BK-768x373.jpg 768w, https:\/\/bkturismo.com\/wp-content\/uploads\/2020\/04\/lokalizacja-BK-370x180.jpg 370w, https:\/\/bkturismo.com\/wp-content\/uploads\/2020\/04\/lokalizacja-BK-760x369.jpg 760w\" sizes=\"auto, (max-width: 1111px) 100vw, 1111px\" \/><\/a>\n\t\t<\/figure>\n\t<\/div>\n\n\t<div class=\"wpb_text_column wpb_content_element\" >\n\t\t<div class=\"wpb_wrapper\">\n\t\t\t<h1 class=\"sc_item_title sc_services_title sc_align_center sc_item_title_style_icon sc_item_title_tag\" style=\"text-align: center;\">Why us?<\/h1>\n\n\t\t<\/div>\n\t<\/div>\n<\/div><\/div><\/div><div class=\"wpb_column vc_column_container vc_col-sm-6 vc_hidden-xs sc_layouts_column_icons_position_left\"><div class=\"vc_column-inner\"><div class=\"wpb_wrapper\">\n\t<div class=\"wpb_text_column wpb_content_element  vc_custom_1587508602262\" >\n\t\t<div class=\"wpb_wrapper\">\n\t\t\t<h1 class=\"sc_item_title sc_services_title sc_align_center sc_item_title_style_icon sc_item_title_tag\" style=\"text-align: center;\">Our Team<\/h1>\n\n\t\t<\/div>\n\t<\/div>\n\n\t<div class=\"wpb_text_column wpb_content_element\" >\n\t\t<div class=\"wpb_wrapper\">\n\t\t\t<p style=\"text-align: justify;\">BK Turismo is a team of professionals for whom work is a passion and customer satisfaction is the goal of the company's development. We are a team of experienced, creative and full of positive emotions people, and working in sport is our passion.<\/p>\n<h5 style=\"text-align: center;\">The company is a licensed Tour Operator and Tour Agent.<\/h5>\n\n\t\t<\/div>\n\t<\/div>\n\n\t<div  class=\"wpb_single_image wpb_content_element vc_align_center  vc_custom_1587508195074\">\n\t\t\n\t\t<figure class=\"wpb_wrapper vc_figure\">\n\t\t\t<a data-rel=\"prettyPhoto[rel-1771-2518167489]\" href=\"https:\/\/bkturismo.com\/wp-content\/uploads\/2020\/04\/Biuro-BK.jpg\" target=\"_self\" class=\"vc_single_image-wrapper   vc_box_border_grey prettyphoto\"><img loading=\"lazy\" decoding=\"async\" width=\"1000\" height=\"563\" src=\"https:\/\/bkturismo.com\/wp-content\/uploads\/2020\/04\/Biuro-BK.jpg\" class=\"vc_single_image-img attachment-full\" alt=\"\" srcset=\"https:\/\/bkturismo.com\/wp-content\/uploads\/2020\/04\/Biuro-BK.jpg 1000w, https:\/\/bkturismo.com\/wp-content\/uploads\/2020\/04\/Biuro-BK-300x169.jpg 300w, https:\/\/bkturismo.com\/wp-content\/uploads\/2020\/04\/Biuro-BK-768x432.jpg 768w, https:\/\/bkturismo.com\/wp-content\/uploads\/2020\/04\/Biuro-BK-370x208.jpg 370w, https:\/\/bkturismo.com\/wp-content\/uploads\/2020\/04\/Biuro-BK-760x428.jpg 760w, https:\/\/bkturismo.com\/wp-content\/uploads\/2020\/04\/Biuro-BK-270x152.jpg 270w\" sizes=\"auto, (max-width: 1000px) 100vw, 1000px\" \/><\/a>\n\t\t<\/figure>\n\t<\/div>\n<\/div><\/div><\/div><\/div><div class=\"vc_row wpb_row vc_row-fluid vc_custom_1587508498721 vc_row-o-content-middle vc_row-flex\"><div class=\"wpb_column vc_column_container vc_col-sm-6 vc_hidden-lg vc_hidden-md vc_hidden-sm sc_layouts_column_icons_position_left\"><div class=\"vc_column-inner\"><div class=\"wpb_wrapper\">\n\t<div  class=\"wpb_single_image wpb_content_element vc_align_left  vc_custom_1589495096208\">\n\t\t\n\t\t<figure class=\"wpb_wrapper vc_figure\">\n\t\t\t<a data-rel=\"prettyPhoto[rel-1771-1943611512]\" href=\"https:\/\/bkturismo.com\/wp-content\/uploads\/2020\/04\/lokalizacja-BK-1024x498.jpg\" target=\"_self\" class=\"vc_single_image-wrapper   vc_box_border_grey prettyphoto\"><img loading=\"lazy\" decoding=\"async\" width=\"1111\" height=\"540\" src=\"https:\/\/bkturismo.com\/wp-content\/uploads\/2020\/04\/lokalizacja-BK.jpg\" class=\"vc_single_image-img attachment-full\" alt=\"\" srcset=\"https:\/\/bkturismo.com\/wp-content\/uploads\/2020\/04\/lokalizacja-BK.jpg 1111w, https:\/\/bkturismo.com\/wp-content\/uploads\/2020\/04\/lokalizacja-BK-300x146.jpg 300w, https:\/\/bkturismo.com\/wp-content\/uploads\/2020\/04\/lokalizacja-BK-1024x498.jpg 1024w, https:\/\/bkturismo.com\/wp-content\/uploads\/2020\/04\/lokalizacja-BK-768x373.jpg 768w, https:\/\/bkturismo.com\/wp-content\/uploads\/2020\/04\/lokalizacja-BK-370x180.jpg 370w, https:\/\/bkturismo.com\/wp-content\/uploads\/2020\/04\/lokalizacja-BK-760x369.jpg 760w\" sizes=\"auto, (max-width: 1111px) 100vw, 1111px\" \/><\/a>\n\t\t<\/figure>\n\t<\/div>\n<\/div><\/div><\/div><div class=\"wpb_column vc_column_container vc_col-sm-6 vc_hidden-lg vc_hidden-md vc_hidden-sm sc_layouts_column_icons_position_left\"><div class=\"vc_column-inner\"><div class=\"wpb_wrapper\">\n\t<div class=\"wpb_text_column wpb_content_element  vc_custom_1587508602262\" >\n\t\t<div class=\"wpb_wrapper\">\n\t\t\t<h1 class=\"sc_item_title sc_services_title sc_align_center sc_item_title_style_icon sc_item_title_tag\" style=\"text-align: center;\">Our Team<\/h1>\n\n\t\t<\/div>\n\t<\/div>\n\n\t<div class=\"wpb_text_column wpb_content_element\" >\n\t\t<div class=\"wpb_wrapper\">\n\t\t\t<p style=\"text-align: justify;\">BK Turismo is a team of professionals for whom work is a passion and customer satisfaction is the goal of the company's development. We are a team of experienced, creative and full of positive emotions people, and working in sport is our passion.<\/p>\n<h5 style=\"text-align: center;\">The company is a licensed Tour Operator and Tour Agent.<\/h5>\n\n\t\t<\/div>\n\t<\/div>\n<\/div><\/div><\/div><\/div><div class=\"vc_row wpb_row vc_row-fluid vc_custom_1587508498721 vc_row-o-content-middle vc_row-flex\"><div class=\"wpb_column vc_column_container vc_col-sm-6 vc_hidden-lg vc_hidden-md vc_hidden-sm sc_layouts_column_icons_position_left\"><div class=\"vc_column-inner\"><div class=\"wpb_wrapper\">\n\t<div class=\"wpb_text_column wpb_content_element\" >\n\t\t<div class=\"wpb_wrapper\">\n\t\t\t<h1 class=\"sc_item_title sc_services_title sc_align_center sc_item_title_style_icon sc_item_title_tag\" style=\"text-align: center;\">Why us?<\/h1>\n\n\t\t<\/div>\n\t<\/div>\n<\/div><\/div><\/div><div class=\"wpb_column vc_column_container vc_col-sm-6 vc_hidden-lg vc_hidden-md vc_hidden-sm sc_layouts_column_icons_position_left\"><div class=\"vc_column-inner\"><div class=\"wpb_wrapper\">\n\t<div  class=\"wpb_single_image wpb_content_element vc_align_center  vc_custom_1587508195074\">\n\t\t\n\t\t<figure class=\"wpb_wrapper vc_figure\">\n\t\t\t<a data-rel=\"prettyPhoto[rel-1771-872628454]\" href=\"https:\/\/bkturismo.com\/wp-content\/uploads\/2020\/04\/Biuro-BK.jpg\" target=\"_self\" class=\"vc_single_image-wrapper   vc_box_border_grey prettyphoto\"><img loading=\"lazy\" decoding=\"async\" width=\"1000\" height=\"563\" src=\"https:\/\/bkturismo.com\/wp-content\/uploads\/2020\/04\/Biuro-BK.jpg\" class=\"vc_single_image-img attachment-full\" alt=\"\" srcset=\"https:\/\/bkturismo.com\/wp-content\/uploads\/2020\/04\/Biuro-BK.jpg 1000w, https:\/\/bkturismo.com\/wp-content\/uploads\/2020\/04\/Biuro-BK-300x169.jpg 300w, https:\/\/bkturismo.com\/wp-content\/uploads\/2020\/04\/Biuro-BK-768x432.jpg 768w, https:\/\/bkturismo.com\/wp-content\/uploads\/2020\/04\/Biuro-BK-370x208.jpg 370w, https:\/\/bkturismo.com\/wp-content\/uploads\/2020\/04\/Biuro-BK-760x428.jpg 760w, https:\/\/bkturismo.com\/wp-content\/uploads\/2020\/04\/Biuro-BK-270x152.jpg 270w\" sizes=\"auto, (max-width: 1000px) 100vw, 1000px\" \/><\/a>\n\t\t<\/figure>\n\t<\/div>\n<\/div><\/div><\/div><\/div><div class=\"vc_row wpb_row vc_row-fluid vc_custom_1587508047553\"><div class=\"wpb_column vc_column_container vc_col-sm-12 sc_layouts_column_icons_position_left\"><div class=\"vc_column-inner\"><div class=\"wpb_wrapper\">\n\t<div class=\"wpb_text_column wpb_content_element\" >\n\t\t<div class=\"wpb_wrapper\">\n\t\t\t<p style=\"text-align: justify;\">We primarily focus on a great product that meets the expectations of the most demanding customers. We take care of its high quality, safety and comfortable rest conditions for our customers.<\/p>\n<p style=\"text-align: justify;\">Each of our sports camps is a safe and fun place where young athletes and travel lovers make new friends, learn about the history and culture of the country and have the opportunity to improve their sports skills in an international environment.<\/p>\n<p style=\"text-align: justify;\">We listen carefully to the voices of all our customers to make next trips with our company even more successful.<\/p>\n<h5 style=\"text-align: justify;\">Coach! Do you run a Football School, Academy or sports class? Are you looking for a sports camp at the highest organizational level with comprehensive service and additional attractions? Write to us or call us - we will prepare with pleasure an offer that goes with your expectations.<\/h5>\n\n\t\t<\/div>\n\t<\/div>\n<\/div><\/div><\/div><\/div><div class=\"vc_row wpb_row vc_row-fluid vc_custom_1587508085377\"><div class=\"wpb_column vc_column_container vc_col-sm-12 sc_layouts_column_icons_position_left\"><div class=\"vc_column-inner\"><div class=\"wpb_wrapper\"><div id=\"sc_icons_456828137\" \n\tclass=\"sc_icons sc_icons_default sc_icons_size_small sc_align_center  vc_custom_1587334934260\"><div class=\"sc_icons_columns_wrap sc_item_columns trx_addons_columns_wrap columns_padding_bottom\"><div class=\"trx_addons_column-1_6\"><div class=\"sc_icons_item\"><div id=\"sc_icons_456828137_icon-user-light\" class=\"sc_icons_icon sc_icon_type_ icon-user-light\"\n\t\t\t\t\t\t style=\"color: #bc100a\"\t\t\t\t\t\t><span class=\"sc_icon_type_ icon-user-light\" style=\"color: #bc100a\"><\/span><\/div><h4 class=\"sc_icons_item_title\"><span>EXPERIENCE<\/span><\/h4><\/div><\/div><div class=\"trx_addons_column-1_6\"><div class=\"sc_icons_item\"><div id=\"sc_icons_456828137_icon-diamond-light\" class=\"sc_icons_icon sc_icon_type_ icon-diamond-light\"\n\t\t\t\t\t\t style=\"color: #bc100a\"\t\t\t\t\t\t><span class=\"sc_icon_type_ icon-diamond-light\" style=\"color: #bc100a\"><\/span><\/div><h4 class=\"sc_icons_item_title\"><span>THE HIGHEST QUALITY<\/span><\/h4><\/div><\/div><div class=\"trx_addons_column-1_6\"><div class=\"sc_icons_item\"><div id=\"sc_icons_456828137_icon-graduation-light\" class=\"sc_icons_icon sc_icon_type_ icon-graduation-light\"\n\t\t\t\t\t\t style=\"color: #bc100a\"\t\t\t\t\t\t><span class=\"sc_icon_type_ icon-graduation-light\" style=\"color: #bc100a\"><\/span><\/div><h4 class=\"sc_icons_item_title\"><span>PROFESSIONALISM<\/span><\/h4><\/div><\/div><div class=\"trx_addons_column-1_6\"><div class=\"sc_icons_item\"><div id=\"sc_icons_456828137_icon-thumbs-up-light\" class=\"sc_icons_icon sc_icon_type_ icon-thumbs-up-light\"\n\t\t\t\t\t\t style=\"color: #bc100a\"\t\t\t\t\t\t><span class=\"sc_icon_type_ icon-thumbs-up-light\" style=\"color: #bc100a\"><\/span><\/div><h4 class=\"sc_icons_item_title\"><span>TRUST<\/span><\/h4><\/div><\/div><div class=\"trx_addons_column-1_6\"><div class=\"sc_icons_item\"><div id=\"sc_icons_456828137_icon-heart-light\" class=\"sc_icons_icon sc_icon_type_ icon-heart-light\"\n\t\t\t\t\t\t style=\"color: #bc100a\"\t\t\t\t\t\t><span class=\"sc_icon_type_ icon-heart-light\" style=\"color: #bc100a\"><\/span><\/div><h4 class=\"sc_icons_item_title\"><span>COMFORTABLE CONDITIONS<\/span><\/h4><\/div><\/div><div class=\"trx_addons_column-1_6\"><div class=\"sc_icons_item\"><div id=\"sc_icons_456828137_icon-sphere\" class=\"sc_icons_icon sc_icon_type_ icon-sphere\"\n\t\t\t\t\t\t style=\"color: #bc100a\"\t\t\t\t\t\t><span class=\"sc_icon_type_ icon-sphere\" style=\"color: #bc100a\"><\/span><\/div><h4 class=\"sc_icons_item_title\"><span>ATHLETIC DEVELOPMENT<\/span><\/h4><\/div><\/div><\/div><\/div><!-- \/.sc_icons --><\/div><\/div><\/div><\/div><div class=\"vc_row wpb_row vc_row-fluid\"><div class=\"wpb_column vc_column_container vc_col-sm-12 sc_layouts_column_icons_position_left\"><div class=\"vc_column-inner\"><div class=\"wpb_wrapper\"><\/div><\/div><\/div><\/div>","protected":false},"excerpt":{"rendered":"Kim jeste\u015bmy? Firma BK Turismo jest najwi\u0119kszym, renomowanym sportowym biurem podr\u00f3\u017cy z wieloletnim do\u015bwiadczeniem, kt\u00f3re zajmuje si\u0119 profesjonaln\u0105 i kompleksow\u0105 organizacj\u0105 zagranicznych oboz\u00f3w pi\u0142karskich. BK Turismo organizuje r\u00f3wnie\u017c obozy sportowe dla takich dyscyplin jak: koszyk\u00f3wka, p\u0142ywanie, triathlon, akrobatyka, pi\u0142ka r\u0119czna,&hellip;","protected":false},"author":1,"featured_media":0,"parent":0,"menu_order":0,"comment_status":"closed","ping_status":"closed","template":"","meta":{"_exactmetrics_skip_tracking":false,"_exactmetrics_sitenote_active":false,"_exactmetrics_sitenote_note":"","_exactmetrics_sitenote_category":0,"footnotes":""},"class_list":["post-1771","page","type-page","status-publish","hentry"],"yoast_head":"<!-- This site is optimized with the Yoast SEO plugin v25.3 - https:\/\/yoast.com\/wordpress\/plugins\/seo\/ -->\n<title>O nas - BK Turismo Sportowe Biuro Podr\u00f3\u017cy<\/title>\n<meta name=\"description\" content=\"Najwi\u0119ksze, renomowane sportowe biuro podr\u00f3\u017cy. Ka\u017cdego roku przesz\u0142o 7 000 uczestnik\u00f3w!\" \/>\n<meta name=\"robots\" content=\"index, follow, max-snippet:-1, max-image-preview:large, max-video-preview:-1\" \/>\n<link rel=\"canonical\" href=\"https:\/\/bkturismo.com\/en\/o-nas\/\" \/>\n<meta property=\"og:locale\" content=\"en_GB\" \/>\n<meta property=\"og:type\" content=\"article\" \/>\n<meta property=\"og:title\" content=\"O nas - BK Turismo Sportowe Biuro Podr\u00f3\u017cy\" \/>\n<meta property=\"og:description\" content=\"Najwi\u0119ksze, renomowane sportowe biuro podr\u00f3\u017cy. Ka\u017cdego roku przesz\u0142o 7 000 uczestnik\u00f3w!\" \/>\n<meta property=\"og:url\" content=\"https:\/\/bkturismo.com\/en\/o-nas\/\" \/>\n<meta property=\"og:site_name\" content=\"BK Turismo\" \/>\n<meta property=\"article:publisher\" content=\"https:\/\/www.facebook.com\/sportowebiuropodrozy\/\" \/>\n<meta property=\"article:modified_time\" content=\"2020-05-25T18:59:18+00:00\" \/>\n<meta name=\"twitter:card\" content=\"summary_large_image\" \/>\n<meta name=\"twitter:label1\" content=\"Estimated reading time\" \/>\n\t<meta name=\"twitter:data1\" content=\"5 minutes\" \/>\n<script type=\"application\/ld+json\" class=\"yoast-schema-graph\">{\"@context\":\"https:\/\/schema.org\",\"@graph\":[{\"@type\":\"WebPage\",\"@id\":\"https:\/\/bkturismo.com\/o-nas\/\",\"url\":\"https:\/\/bkturismo.com\/o-nas\/\",\"name\":\"O nas - BK Turismo Sportowe Biuro Podr\u00f3\u017cy\",\"isPartOf\":{\"@id\":\"https:\/\/bkturismo.com\/#website\"},\"datePublished\":\"2020-03-29T15:52:39+00:00\",\"dateModified\":\"2020-05-25T18:59:18+00:00\",\"description\":\"Najwi\u0119ksze, renomowane sportowe biuro podr\u00f3\u017cy. Ka\u017cdego roku przesz\u0142o 7 000 uczestnik\u00f3w!\",\"breadcrumb\":{\"@id\":\"https:\/\/bkturismo.com\/o-nas\/#breadcrumb\"},\"inLanguage\":\"en-GB\",\"potentialAction\":[{\"@type\":\"ReadAction\",\"target\":[\"https:\/\/bkturismo.com\/o-nas\/\"]}]},{\"@type\":\"BreadcrumbList\",\"@id\":\"https:\/\/bkturismo.com\/o-nas\/#breadcrumb\",\"itemListElement\":[{\"@type\":\"ListItem\",\"position\":1,\"name\":\"Strona g\u0142\u00f3wna\",\"item\":\"https:\/\/bkturismo.com\/\"},{\"@type\":\"ListItem\",\"position\":2,\"name\":\"O nas\"}]},{\"@type\":\"WebSite\",\"@id\":\"https:\/\/bkturismo.com\/#website\",\"url\":\"https:\/\/bkturismo.com\/\",\"name\":\"BK Turismo\",\"description\":\"Sportowe Biuro Podr\u00f3\u017cy\",\"publisher\":{\"@id\":\"https:\/\/bkturismo.com\/#organization\"},\"potentialAction\":[{\"@type\":\"SearchAction\",\"target\":{\"@type\":\"EntryPoint\",\"urlTemplate\":\"https:\/\/bkturismo.com\/?s={search_term_string}\"},\"query-input\":{\"@type\":\"PropertyValueSpecification\",\"valueRequired\":true,\"valueName\":\"search_term_string\"}}],\"inLanguage\":\"en-GB\"},{\"@type\":\"Organization\",\"@id\":\"https:\/\/bkturismo.com\/#organization\",\"name\":\"BK Turismo\",\"url\":\"https:\/\/bkturismo.com\/\",\"logo\":{\"@type\":\"ImageObject\",\"inLanguage\":\"en-GB\",\"@id\":\"https:\/\/bkturismo.com\/#\/schema\/logo\/image\/\",\"url\":\"https:\/\/bkturismo.com\/wp-content\/uploads\/2020\/02\/logo.png\",\"contentUrl\":\"https:\/\/bkturismo.com\/wp-content\/uploads\/2020\/02\/logo.png\",\"width\":600,\"height\":828,\"caption\":\"BK Turismo\"},\"image\":{\"@id\":\"https:\/\/bkturismo.com\/#\/schema\/logo\/image\/\"},\"sameAs\":[\"https:\/\/www.facebook.com\/sportowebiuropodrozy\/\",\"https:\/\/www.instagram.com\/bkturismo\/\",\"https:\/\/www.youtube.com\/channel\/UCtb2ZBDI0PASR9cHuvnhVvw\"]}]}<\/script>\n<!-- \/ Yoast SEO plugin. -->","yoast_head_json":{"title":"O nas - BK Turismo Sportowe Biuro Podr\u00f3\u017cy","description":"Najwi\u0119ksze, renomowane sportowe biuro podr\u00f3\u017cy. Ka\u017cdego roku przesz\u0142o 7 000 uczestnik\u00f3w!","robots":{"index":"index","follow":"follow","max-snippet":"max-snippet:-1","max-image-preview":"max-image-preview:large","max-video-preview":"max-video-preview:-1"},"canonical":"https:\/\/bkturismo.com\/en\/o-nas\/","og_locale":"en_GB","og_type":"article","og_title":"O nas - BK Turismo Sportowe Biuro Podr\u00f3\u017cy","og_description":"Najwi\u0119ksze, renomowane sportowe biuro podr\u00f3\u017cy. Ka\u017cdego roku przesz\u0142o 7 000 uczestnik\u00f3w!","og_url":"https:\/\/bkturismo.com\/en\/o-nas\/","og_site_name":"BK Turismo","article_publisher":"https:\/\/www.facebook.com\/sportowebiuropodrozy\/","article_modified_time":"2020-05-25T18:59:18+00:00","twitter_card":"summary_large_image","twitter_misc":{"Estimated reading time":"5 minutes"},"schema":{"@context":"https:\/\/schema.org","@graph":[{"@type":"WebPage","@id":"https:\/\/bkturismo.com\/o-nas\/","url":"https:\/\/bkturismo.com\/o-nas\/","name":"O nas - BK Turismo Sportowe Biuro Podr\u00f3\u017cy","isPartOf":{"@id":"https:\/\/bkturismo.com\/#website"},"datePublished":"2020-03-29T15:52:39+00:00","dateModified":"2020-05-25T18:59:18+00:00","description":"Najwi\u0119ksze, renomowane sportowe biuro podr\u00f3\u017cy. Ka\u017cdego roku przesz\u0142o 7 000 uczestnik\u00f3w!","breadcrumb":{"@id":"https:\/\/bkturismo.com\/o-nas\/#breadcrumb"},"inLanguage":"en-GB","potentialAction":[{"@type":"ReadAction","target":["https:\/\/bkturismo.com\/o-nas\/"]}]},{"@type":"BreadcrumbList","@id":"https:\/\/bkturismo.com\/o-nas\/#breadcrumb","itemListElement":[{"@type":"ListItem","position":1,"name":"Strona g\u0142\u00f3wna","item":"https:\/\/bkturismo.com\/"},{"@type":"ListItem","position":2,"name":"O nas"}]},{"@type":"WebSite","@id":"https:\/\/bkturismo.com\/#website","url":"https:\/\/bkturismo.com\/","name":"BK Turismo","description":"Sportowe Biuro Podr\u00f3\u017cy","publisher":{"@id":"https:\/\/bkturismo.com\/#organization"},"potentialAction":[{"@type":"SearchAction","target":{"@type":"EntryPoint","urlTemplate":"https:\/\/bkturismo.com\/?s={search_term_string}"},"query-input":{"@type":"PropertyValueSpecification","valueRequired":true,"valueName":"search_term_string"}}],"inLanguage":"en-GB"},{"@type":"Organization","@id":"https:\/\/bkturismo.com\/#organization","name":"BK Turismo","url":"https:\/\/bkturismo.com\/","logo":{"@type":"ImageObject","inLanguage":"en-GB","@id":"https:\/\/bkturismo.com\/#\/schema\/logo\/image\/","url":"https:\/\/bkturismo.com\/wp-content\/uploads\/2020\/02\/logo.png","contentUrl":"https:\/\/bkturismo.com\/wp-content\/uploads\/2020\/02\/logo.png","width":600,"height":828,"caption":"BK Turismo"},"image":{"@id":"https:\/\/bkturismo.com\/#\/schema\/logo\/image\/"},"sameAs":["https:\/\/www.facebook.com\/sportowebiuropodrozy\/","https:\/\/www.instagram.com\/bkturismo\/","https:\/\/www.youtube.com\/channel\/UCtb2ZBDI0PASR9cHuvnhVvw"]}]}},"_links":{"self":[{"href":"https:\/\/bkturismo.com\/en\/wp-json\/wp\/v2\/pages\/1771","targetHints":{"allow":["GET"]}}],"collection":[{"href":"https:\/\/bkturismo.com\/en\/wp-json\/wp\/v2\/pages"}],"about":[{"href":"https:\/\/bkturismo.com\/en\/wp-json\/wp\/v2\/types\/page"}],"author":[{"embeddable":true,"href":"https:\/\/bkturismo.com\/en\/wp-json\/wp\/v2\/users\/1"}],"replies":[{"embeddable":true,"href":"https:\/\/bkturismo.com\/en\/wp-json\/wp\/v2\/comments?post=1771"}],"version-history":[{"count":31,"href":"https:\/\/bkturismo.com\/en\/wp-json\/wp\/v2\/pages\/1771\/revisions"}],"predecessor-version":[{"id":2711,"href":"https:\/\/bkturismo.com\/en\/wp-json\/wp\/v2\/pages\/1771\/revisions\/2711"}],"wp:attachment":[{"href":"https:\/\/bkturismo.com\/en\/wp-json\/wp\/v2\/media?parent=1771"}],"curies":[{"name":"wp","href":"https:\/\/api.w.org\/{rel}","templated":true}]}}