{"id":1819,"date":"2020-03-29T22:56:33","date_gmt":"2020-03-29T20:56:33","guid":{"rendered":"http:\/\/bkturismo.com\/?page_id=1819"},"modified":"2020-05-20T15:34:25","modified_gmt":"2020-05-20T13:34:25","slug":"pozostale-sporty","status":"publish","type":"page","link":"https:\/\/bkturismo.com\/en\/pozostale-sporty\/","title":{"rendered":"Other sports"},"content":{"rendered":"<div class=\"vc_row wpb_row vc_row-fluid\"><div class=\"wpb_column vc_column_container vc_col-sm-12 sc_layouts_column_icons_position_left\"><div class=\"vc_column-inner vc_custom_1585497480121\"><div class=\"wpb_wrapper\">\n\t<div class=\"wpb_text_column wpb_content_element  vc_custom_1585515507907\" >\n\t\t<div class=\"wpb_wrapper\">\n\t\t\t<h2 style=\"text-align: center;\"><strong>OTHER SPORTS<\/strong><\/h2>\n\n\t\t<\/div>\n\t<\/div>\n\n\t<div class=\"wpb_text_column wpb_content_element  vc_custom_1589981654591\" >\n\t\t<div class=\"wpb_wrapper\">\n\t\t\t<h4 style=\"text-align: justify;\">For the special needs of the group we can prepare an adapted offer of our sports camp for each sporting discipline.<\/h4>\n<p style=\"text-align: justify;\">We offer sports centres located in Spain on the Costa Brava and in Italy on the Adriatic Riviera. Their multifunctionality allows us to organize trainings for many sports, such as: <strong>basketball, swimming, triathlon, acrobatics, handball, judo.<\/strong> <strong>There is an Olympic-size swimming pool in the area.<\/strong><\/p>\n\n\t\t<\/div>\n\t<\/div>\n<div class=\"vc_row wpb_row vc_inner vc_row-fluid\"><div class=\"wpb_column vc_column_container vc_col-sm-12 vc_hidden-lg vc_hidden-md vc_hidden-sm sc_layouts_column_icons_position_left\"><div class=\"vc_column-inner\"><div class=\"wpb_wrapper\"><div class=\"wpb_images_carousel wpb_content_element vc_clearfix vc_custom_1589927107009\"><div class=\"wpb_wrapper\"><div id=\"vc_images-carousel-1-1776674683\" data-ride=\"vc_carousel\" data-wrap=\"true\" style=\"width: 100%;\" data-interval=\"3000\" data-auto-height=\"yes\" data-mode=\"horizontal\" data-partial=\"false\" data-per-view=\"1\" data-hide-on-end=\"false\" class=\"vc_slide vc_images_carousel\"><div class=\"vc_carousel-inner\"><div class=\"vc_carousel-slideline\"><div class=\"vc_carousel-slideline-inner\"><div class=\"vc_item\"><div class=\"vc_inner\"><a class=\"prettyphoto\" href=\"https:\/\/bkturismo.com\/wp-content\/uploads\/2020\/04\/pi\u0142ka.jpg\" data-rel=\"prettyPhoto[rel-1819-3621800981]\"><img loading=\"lazy\" decoding=\"async\" width=\"1000\" height=\"484\" src=\"https:\/\/bkturismo.com\/wp-content\/uploads\/2020\/04\/pi\u0142ka.jpg\" class=\"attachment-full\" alt=\"\" srcset=\"https:\/\/bkturismo.com\/wp-content\/uploads\/2020\/04\/pi\u0142ka.jpg 1000w, https:\/\/bkturismo.com\/wp-content\/uploads\/2020\/04\/pi\u0142ka-300x145.jpg 300w, https:\/\/bkturismo.com\/wp-content\/uploads\/2020\/04\/pi\u0142ka-768x372.jpg 768w, https:\/\/bkturismo.com\/wp-content\/uploads\/2020\/04\/pi\u0142ka-370x179.jpg 370w, https:\/\/bkturismo.com\/wp-content\/uploads\/2020\/04\/pi\u0142ka-760x368.jpg 760w\" sizes=\"auto, (max-width: 1000px) 100vw, 1000px\" \/><\/a><\/div><\/div><div class=\"vc_item\"><div class=\"vc_inner\"><a class=\"prettyphoto\" href=\"https:\/\/bkturismo.com\/wp-content\/uploads\/2020\/04\/Basen.jpg\" data-rel=\"prettyPhoto[rel-1819-3621800981]\"><img loading=\"lazy\" decoding=\"async\" width=\"1000\" height=\"483\" src=\"https:\/\/bkturismo.com\/wp-content\/uploads\/2020\/04\/Basen.jpg\" class=\"attachment-full\" alt=\"\" srcset=\"https:\/\/bkturismo.com\/wp-content\/uploads\/2020\/04\/Basen.jpg 1000w, https:\/\/bkturismo.com\/wp-content\/uploads\/2020\/04\/Basen-300x145.jpg 300w, https:\/\/bkturismo.com\/wp-content\/uploads\/2020\/04\/Basen-768x371.jpg 768w, https:\/\/bkturismo.com\/wp-content\/uploads\/2020\/04\/Basen-370x179.jpg 370w, https:\/\/bkturismo.com\/wp-content\/uploads\/2020\/04\/Basen-760x367.jpg 760w\" sizes=\"auto, (max-width: 1000px) 100vw, 1000px\" \/><\/a><\/div><\/div><div class=\"vc_item\"><div class=\"vc_inner\"><a class=\"prettyphoto\" href=\"https:\/\/bkturismo.com\/wp-content\/uploads\/2020\/04\/kosz.jpg\" data-rel=\"prettyPhoto[rel-1819-3621800981]\"><img loading=\"lazy\" decoding=\"async\" width=\"1000\" height=\"484\" src=\"https:\/\/bkturismo.com\/wp-content\/uploads\/2020\/04\/kosz.jpg\" class=\"attachment-full\" alt=\"\" srcset=\"https:\/\/bkturismo.com\/wp-content\/uploads\/2020\/04\/kosz.jpg 1000w, https:\/\/bkturismo.com\/wp-content\/uploads\/2020\/04\/kosz-300x145.jpg 300w, https:\/\/bkturismo.com\/wp-content\/uploads\/2020\/04\/kosz-768x372.jpg 768w, https:\/\/bkturismo.com\/wp-content\/uploads\/2020\/04\/kosz-370x179.jpg 370w, https:\/\/bkturismo.com\/wp-content\/uploads\/2020\/04\/kosz-760x368.jpg 760w\" sizes=\"auto, (max-width: 1000px) 100vw, 1000px\" \/><\/a><\/div><\/div><\/div><\/div><\/div><a class=\"vc_left vc_carousel-control\" href=\"#vc_images-carousel-1-1776674683\" data-slide=\"prev\"><span class=\"icon-prev\"><\/span><\/a><a class=\"vc_right vc_carousel-control\" href=\"#vc_images-carousel-1-1776674683\" data-slide=\"next\"><span class=\"icon-next\"><\/span><\/a><\/div><\/div><\/div><\/div><\/div><\/div><\/div><div class=\"vc_row wpb_row vc_inner vc_row-fluid vc_custom_1589927173649\"><div class=\"wpb_column vc_column_container vc_col-sm-4 vc_hidden-xs sc_layouts_column_icons_position_left\"><div class=\"vc_column-inner\"><div class=\"wpb_wrapper\">\n\t<div  class=\"wpb_single_image wpb_content_element vc_align_left\">\n\t\t\n\t\t<figure class=\"wpb_wrapper vc_figure\">\n\t\t\t<a data-rel=\"prettyPhoto[rel-1819-721818579]\" href=\"https:\/\/bkturismo.com\/wp-content\/uploads\/2020\/04\/pi\u0142ka.jpg\" target=\"_self\" class=\"vc_single_image-wrapper   vc_box_border_grey prettyphoto\"><img loading=\"lazy\" decoding=\"async\" width=\"1000\" height=\"484\" src=\"https:\/\/bkturismo.com\/wp-content\/uploads\/2020\/04\/pi\u0142ka.jpg\" class=\"vc_single_image-img attachment-full\" alt=\"\" srcset=\"https:\/\/bkturismo.com\/wp-content\/uploads\/2020\/04\/pi\u0142ka.jpg 1000w, https:\/\/bkturismo.com\/wp-content\/uploads\/2020\/04\/pi\u0142ka-300x145.jpg 300w, https:\/\/bkturismo.com\/wp-content\/uploads\/2020\/04\/pi\u0142ka-768x372.jpg 768w, https:\/\/bkturismo.com\/wp-content\/uploads\/2020\/04\/pi\u0142ka-370x179.jpg 370w, https:\/\/bkturismo.com\/wp-content\/uploads\/2020\/04\/pi\u0142ka-760x368.jpg 760w\" sizes=\"auto, (max-width: 1000px) 100vw, 1000px\" \/><\/a>\n\t\t<\/figure>\n\t<\/div>\n<\/div><\/div><\/div><div class=\"wpb_column vc_column_container vc_col-sm-4 vc_hidden-xs sc_layouts_column_icons_position_left\"><div class=\"vc_column-inner\"><div class=\"wpb_wrapper\">\n\t<div  class=\"wpb_single_image wpb_content_element vc_align_left\">\n\t\t\n\t\t<figure class=\"wpb_wrapper vc_figure\">\n\t\t\t<a data-rel=\"prettyPhoto[rel-1819-1194893337]\" href=\"https:\/\/bkturismo.com\/wp-content\/uploads\/2020\/04\/Basen.jpg\" target=\"_self\" class=\"vc_single_image-wrapper   vc_box_border_grey prettyphoto\"><img loading=\"lazy\" decoding=\"async\" width=\"1000\" height=\"483\" src=\"https:\/\/bkturismo.com\/wp-content\/uploads\/2020\/04\/Basen.jpg\" class=\"vc_single_image-img attachment-full\" alt=\"\" srcset=\"https:\/\/bkturismo.com\/wp-content\/uploads\/2020\/04\/Basen.jpg 1000w, https:\/\/bkturismo.com\/wp-content\/uploads\/2020\/04\/Basen-300x145.jpg 300w, https:\/\/bkturismo.com\/wp-content\/uploads\/2020\/04\/Basen-768x371.jpg 768w, https:\/\/bkturismo.com\/wp-content\/uploads\/2020\/04\/Basen-370x179.jpg 370w, https:\/\/bkturismo.com\/wp-content\/uploads\/2020\/04\/Basen-760x367.jpg 760w\" sizes=\"auto, (max-width: 1000px) 100vw, 1000px\" \/><\/a>\n\t\t<\/figure>\n\t<\/div>\n<\/div><\/div><\/div><div class=\"wpb_column vc_column_container vc_col-sm-4 vc_hidden-xs sc_layouts_column_icons_position_left\"><div class=\"vc_column-inner\"><div class=\"wpb_wrapper\">\n\t<div  class=\"wpb_single_image wpb_content_element vc_align_left\">\n\t\t\n\t\t<figure class=\"wpb_wrapper vc_figure\">\n\t\t\t<a data-rel=\"prettyPhoto[rel-1819-4161523265]\" href=\"https:\/\/bkturismo.com\/wp-content\/uploads\/2020\/04\/kosz.jpg\" target=\"_self\" class=\"vc_single_image-wrapper   vc_box_border_grey prettyphoto\"><img loading=\"lazy\" decoding=\"async\" width=\"1000\" height=\"484\" src=\"https:\/\/bkturismo.com\/wp-content\/uploads\/2020\/04\/kosz.jpg\" class=\"vc_single_image-img attachment-full\" alt=\"\" srcset=\"https:\/\/bkturismo.com\/wp-content\/uploads\/2020\/04\/kosz.jpg 1000w, https:\/\/bkturismo.com\/wp-content\/uploads\/2020\/04\/kosz-300x145.jpg 300w, https:\/\/bkturismo.com\/wp-content\/uploads\/2020\/04\/kosz-768x372.jpg 768w, https:\/\/bkturismo.com\/wp-content\/uploads\/2020\/04\/kosz-370x179.jpg 370w, https:\/\/bkturismo.com\/wp-content\/uploads\/2020\/04\/kosz-760x368.jpg 760w\" sizes=\"auto, (max-width: 1000px) 100vw, 1000px\" \/><\/a>\n\t\t<\/figure>\n\t<\/div>\n<\/div><\/div><\/div><\/div><div class=\"vc_row wpb_row vc_inner vc_row-fluid vc_custom_1589927251142 vc_row-o-content-middle vc_row-flex\"><div class=\"wpb_column vc_column_container vc_col-sm-6 sc_layouts_column_icons_position_left\"><div class=\"vc_column-inner\"><div class=\"wpb_wrapper\">\n\t<div class=\"wpb_text_column wpb_content_element\" >\n\t\t<div class=\"wpb_wrapper\">\n\t\t\t<p style=\"text-align: justify;\">The facilities are used by sports clubs, schools with a sports profile and various associations that provide training and play matches in indoor sporting disciplines. These centers have become a venue for numerous sports groups, foreign national teams and a place where you can meet many outstanding athletes with medal winners of the World Championships and Olympic Games included.<\/p>\n\n\t\t<\/div>\n\t<\/div>\n<\/div><\/div><\/div><div class=\"wpb_column vc_column_container vc_col-sm-6 sc_layouts_column_icons_position_left\"><div class=\"vc_column-inner\"><div class=\"wpb_wrapper\"><div class=\"wpb_images_carousel wpb_content_element vc_clearfix vc_custom_1589927128876\"><div class=\"wpb_wrapper\"><div id=\"vc_images-carousel-2-1776674683\" data-ride=\"vc_carousel\" data-wrap=\"true\" style=\"width: 100%;\" data-interval=\"3000\" data-auto-height=\"yes\" data-mode=\"horizontal\" data-partial=\"false\" data-per-view=\"1\" data-hide-on-end=\"false\" class=\"vc_slide vc_images_carousel\"><div class=\"vc_carousel-inner\"><div class=\"vc_carousel-slideline\"><div class=\"vc_carousel-slideline-inner\"><div class=\"vc_item\"><div class=\"vc_inner\"><a class=\"prettyphoto\" href=\"https:\/\/bkturismo.com\/wp-content\/uploads\/2020\/04\/Basen-6-1-1024x510.jpg\" data-rel=\"prettyPhoto[rel-1819-322606999]\"><img loading=\"lazy\" decoding=\"async\" width=\"1240\" height=\"618\" src=\"https:\/\/bkturismo.com\/wp-content\/uploads\/2020\/04\/Basen-6-1.jpg\" class=\"attachment-full\" alt=\"\" srcset=\"https:\/\/bkturismo.com\/wp-content\/uploads\/2020\/04\/Basen-6-1.jpg 1240w, https:\/\/bkturismo.com\/wp-content\/uploads\/2020\/04\/Basen-6-1-300x150.jpg 300w, https:\/\/bkturismo.com\/wp-content\/uploads\/2020\/04\/Basen-6-1-1024x510.jpg 1024w, https:\/\/bkturismo.com\/wp-content\/uploads\/2020\/04\/Basen-6-1-768x383.jpg 768w, https:\/\/bkturismo.com\/wp-content\/uploads\/2020\/04\/Basen-6-1-370x184.jpg 370w, https:\/\/bkturismo.com\/wp-content\/uploads\/2020\/04\/Basen-6-1-760x379.jpg 760w\" sizes=\"auto, (max-width: 1240px) 100vw, 1240px\" \/><\/a><\/div><\/div><div class=\"vc_item\"><div class=\"vc_inner\"><a class=\"prettyphoto\" href=\"https:\/\/bkturismo.com\/wp-content\/uploads\/2020\/04\/sport-1024x510.jpg\" data-rel=\"prettyPhoto[rel-1819-322606999]\"><img loading=\"lazy\" decoding=\"async\" width=\"1240\" height=\"617\" src=\"https:\/\/bkturismo.com\/wp-content\/uploads\/2020\/04\/sport.jpg\" class=\"attachment-full\" alt=\"\" srcset=\"https:\/\/bkturismo.com\/wp-content\/uploads\/2020\/04\/sport.jpg 1240w, https:\/\/bkturismo.com\/wp-content\/uploads\/2020\/04\/sport-300x149.jpg 300w, https:\/\/bkturismo.com\/wp-content\/uploads\/2020\/04\/sport-1024x510.jpg 1024w, https:\/\/bkturismo.com\/wp-content\/uploads\/2020\/04\/sport-768x382.jpg 768w, https:\/\/bkturismo.com\/wp-content\/uploads\/2020\/04\/sport-370x184.jpg 370w, https:\/\/bkturismo.com\/wp-content\/uploads\/2020\/04\/sport-760x378.jpg 760w\" sizes=\"auto, (max-width: 1240px) 100vw, 1240px\" \/><\/a><\/div><\/div><\/div><\/div><\/div><a class=\"vc_left vc_carousel-control\" href=\"#vc_images-carousel-2-1776674683\" data-slide=\"prev\"><span class=\"icon-prev\"><\/span><\/a><a class=\"vc_right vc_carousel-control\" href=\"#vc_images-carousel-2-1776674683\" data-slide=\"next\"><span class=\"icon-next\"><\/span><\/a><\/div><\/div><\/div><\/div><\/div><\/div><\/div><div class=\"vc_btn3-container vc_btn3-center vc_custom_1589927423730\" ><a style=\"background-color:#ca0a0e; color:#ffffff;\" class=\"vc_general vc_btn3 vc_btn3-size-lg vc_btn3-shape-rounded vc_btn3-style-custom\" href=\"https:\/\/bkturismo.com\/en\/zapytaj-o-oferte\/\" title=\"Ask for an offer\">ASK FOR AN OFFER<\/a><\/div><\/div><\/div><\/div><\/div>","protected":false},"excerpt":{"rendered":"POZOSTA\u0141E SPORTY Na specjalne potrzeby grupy, mo\u017cemy przygotowa\u0107 dostosowan\u0105 ofert\u0119 obozu sportowego do ka\u017cdej dyscypliny sportowej. Oferujemy centra sportowe zlokalizowane w Hiszpanii na wybrze\u017cu Costa Brava i we W\u0142oszech na Riwierze Adriatyckiej. Ich wielofunkcyjno\u015b\u0107 pozwala na organizacj\u0119 trening\u00f3w dla wielu&hellip;","protected":false},"author":1,"featured_media":0,"parent":0,"menu_order":0,"comment_status":"closed","ping_status":"closed","template":"","meta":{"_exactmetrics_skip_tracking":false,"_exactmetrics_sitenote_active":false,"_exactmetrics_sitenote_note":"","_exactmetrics_sitenote_category":0,"footnotes":""},"class_list":["post-1819","page","type-page","status-publish","hentry"],"yoast_head":"<!-- This site is optimized with the Yoast SEO plugin v25.3 - https:\/\/yoast.com\/wordpress\/plugins\/seo\/ -->\n<title>Pozosta\u0142e sporty - BK Turismo<\/title>\n<meta name=\"robots\" content=\"index, follow, max-snippet:-1, max-image-preview:large, max-video-preview:-1\" \/>\n<link rel=\"canonical\" href=\"https:\/\/bkturismo.com\/en\/pozostale-sporty\/\" \/>\n<meta property=\"og:locale\" content=\"en_GB\" \/>\n<meta property=\"og:type\" content=\"article\" \/>\n<meta property=\"og:title\" content=\"Pozosta\u0142e sporty - BK Turismo\" \/>\n<meta property=\"og:url\" content=\"https:\/\/bkturismo.com\/en\/pozostale-sporty\/\" \/>\n<meta property=\"og:site_name\" content=\"BK Turismo\" \/>\n<meta property=\"article:publisher\" content=\"https:\/\/www.facebook.com\/sportowebiuropodrozy\/\" \/>\n<meta property=\"article:modified_time\" content=\"2020-05-20T13:34:25+00:00\" \/>\n<meta name=\"twitter:card\" content=\"summary_large_image\" \/>\n<meta name=\"twitter:label1\" content=\"Estimated reading time\" \/>\n\t<meta name=\"twitter:data1\" content=\"2 minutes\" \/>\n<script type=\"application\/ld+json\" class=\"yoast-schema-graph\">{\"@context\":\"https:\/\/schema.org\",\"@graph\":[{\"@type\":\"WebPage\",\"@id\":\"https:\/\/bkturismo.com\/pozostale-sporty\/\",\"url\":\"https:\/\/bkturismo.com\/pozostale-sporty\/\",\"name\":\"Pozosta\u0142e sporty - BK Turismo\",\"isPartOf\":{\"@id\":\"https:\/\/bkturismo.com\/#website\"},\"datePublished\":\"2020-03-29T20:56:33+00:00\",\"dateModified\":\"2020-05-20T13:34:25+00:00\",\"breadcrumb\":{\"@id\":\"https:\/\/bkturismo.com\/pozostale-sporty\/#breadcrumb\"},\"inLanguage\":\"en-GB\",\"potentialAction\":[{\"@type\":\"ReadAction\",\"target\":[\"https:\/\/bkturismo.com\/pozostale-sporty\/\"]}]},{\"@type\":\"BreadcrumbList\",\"@id\":\"https:\/\/bkturismo.com\/pozostale-sporty\/#breadcrumb\",\"itemListElement\":[{\"@type\":\"ListItem\",\"position\":1,\"name\":\"Strona g\u0142\u00f3wna\",\"item\":\"https:\/\/bkturismo.com\/\"},{\"@type\":\"ListItem\",\"position\":2,\"name\":\"Pozosta\u0142e sporty\"}]},{\"@type\":\"WebSite\",\"@id\":\"https:\/\/bkturismo.com\/#website\",\"url\":\"https:\/\/bkturismo.com\/\",\"name\":\"BK Turismo\",\"description\":\"Sportowe Biuro Podr\u00f3\u017cy\",\"publisher\":{\"@id\":\"https:\/\/bkturismo.com\/#organization\"},\"potentialAction\":[{\"@type\":\"SearchAction\",\"target\":{\"@type\":\"EntryPoint\",\"urlTemplate\":\"https:\/\/bkturismo.com\/?s={search_term_string}\"},\"query-input\":{\"@type\":\"PropertyValueSpecification\",\"valueRequired\":true,\"valueName\":\"search_term_string\"}}],\"inLanguage\":\"en-GB\"},{\"@type\":\"Organization\",\"@id\":\"https:\/\/bkturismo.com\/#organization\",\"name\":\"BK Turismo\",\"url\":\"https:\/\/bkturismo.com\/\",\"logo\":{\"@type\":\"ImageObject\",\"inLanguage\":\"en-GB\",\"@id\":\"https:\/\/bkturismo.com\/#\/schema\/logo\/image\/\",\"url\":\"https:\/\/bkturismo.com\/wp-content\/uploads\/2020\/02\/logo.png\",\"contentUrl\":\"https:\/\/bkturismo.com\/wp-content\/uploads\/2020\/02\/logo.png\",\"width\":600,\"height\":828,\"caption\":\"BK Turismo\"},\"image\":{\"@id\":\"https:\/\/bkturismo.com\/#\/schema\/logo\/image\/\"},\"sameAs\":[\"https:\/\/www.facebook.com\/sportowebiuropodrozy\/\",\"https:\/\/www.instagram.com\/bkturismo\/\",\"https:\/\/www.youtube.com\/channel\/UCtb2ZBDI0PASR9cHuvnhVvw\"]}]}<\/script>\n<!-- \/ Yoast SEO plugin. -->","yoast_head_json":{"title":"Pozosta\u0142e sporty - BK Turismo","robots":{"index":"index","follow":"follow","max-snippet":"max-snippet:-1","max-image-preview":"max-image-preview:large","max-video-preview":"max-video-preview:-1"},"canonical":"https:\/\/bkturismo.com\/en\/pozostale-sporty\/","og_locale":"en_GB","og_type":"article","og_title":"Pozosta\u0142e sporty - BK Turismo","og_url":"https:\/\/bkturismo.com\/en\/pozostale-sporty\/","og_site_name":"BK Turismo","article_publisher":"https:\/\/www.facebook.com\/sportowebiuropodrozy\/","article_modified_time":"2020-05-20T13:34:25+00:00","twitter_card":"summary_large_image","twitter_misc":{"Estimated reading time":"2 minutes"},"schema":{"@context":"https:\/\/schema.org","@graph":[{"@type":"WebPage","@id":"https:\/\/bkturismo.com\/pozostale-sporty\/","url":"https:\/\/bkturismo.com\/pozostale-sporty\/","name":"Pozosta\u0142e sporty - BK Turismo","isPartOf":{"@id":"https:\/\/bkturismo.com\/#website"},"datePublished":"2020-03-29T20:56:33+00:00","dateModified":"2020-05-20T13:34:25+00:00","breadcrumb":{"@id":"https:\/\/bkturismo.com\/pozostale-sporty\/#breadcrumb"},"inLanguage":"en-GB","potentialAction":[{"@type":"ReadAction","target":["https:\/\/bkturismo.com\/pozostale-sporty\/"]}]},{"@type":"BreadcrumbList","@id":"https:\/\/bkturismo.com\/pozostale-sporty\/#breadcrumb","itemListElement":[{"@type":"ListItem","position":1,"name":"Strona g\u0142\u00f3wna","item":"https:\/\/bkturismo.com\/"},{"@type":"ListItem","position":2,"name":"Pozosta\u0142e sporty"}]},{"@type":"WebSite","@id":"https:\/\/bkturismo.com\/#website","url":"https:\/\/bkturismo.com\/","name":"BK Turismo","description":"Sportowe Biuro Podr\u00f3\u017cy","publisher":{"@id":"https:\/\/bkturismo.com\/#organization"},"potentialAction":[{"@type":"SearchAction","target":{"@type":"EntryPoint","urlTemplate":"https:\/\/bkturismo.com\/?s={search_term_string}"},"query-input":{"@type":"PropertyValueSpecification","valueRequired":true,"valueName":"search_term_string"}}],"inLanguage":"en-GB"},{"@type":"Organization","@id":"https:\/\/bkturismo.com\/#organization","name":"BK Turismo","url":"https:\/\/bkturismo.com\/","logo":{"@type":"ImageObject","inLanguage":"en-GB","@id":"https:\/\/bkturismo.com\/#\/schema\/logo\/image\/","url":"https:\/\/bkturismo.com\/wp-content\/uploads\/2020\/02\/logo.png","contentUrl":"https:\/\/bkturismo.com\/wp-content\/uploads\/2020\/02\/logo.png","width":600,"height":828,"caption":"BK Turismo"},"image":{"@id":"https:\/\/bkturismo.com\/#\/schema\/logo\/image\/"},"sameAs":["https:\/\/www.facebook.com\/sportowebiuropodrozy\/","https:\/\/www.instagram.com\/bkturismo\/","https:\/\/www.youtube.com\/channel\/UCtb2ZBDI0PASR9cHuvnhVvw"]}]}},"_links":{"self":[{"href":"https:\/\/bkturismo.com\/en\/wp-json\/wp\/v2\/pages\/1819","targetHints":{"allow":["GET"]}}],"collection":[{"href":"https:\/\/bkturismo.com\/en\/wp-json\/wp\/v2\/pages"}],"about":[{"href":"https:\/\/bkturismo.com\/en\/wp-json\/wp\/v2\/types\/page"}],"author":[{"embeddable":true,"href":"https:\/\/bkturismo.com\/en\/wp-json\/wp\/v2\/users\/1"}],"replies":[{"embeddable":true,"href":"https:\/\/bkturismo.com\/en\/wp-json\/wp\/v2\/comments?post=1819"}],"version-history":[{"count":14,"href":"https:\/\/bkturismo.com\/en\/wp-json\/wp\/v2\/pages\/1819\/revisions"}],"predecessor-version":[{"id":2678,"href":"https:\/\/bkturismo.com\/en\/wp-json\/wp\/v2\/pages\/1819\/revisions\/2678"}],"wp:attachment":[{"href":"https:\/\/bkturismo.com\/en\/wp-json\/wp\/v2\/media?parent=1819"}],"curies":[{"name":"wp","href":"https:\/\/api.w.org\/{rel}","templated":true}]}}