{"id":1833,"date":"2020-03-29T23:15:41","date_gmt":"2020-03-29T21:15:41","guid":{"rendered":"http:\/\/bkturismo.com\/?page_id=1833"},"modified":"2020-05-25T21:03:43","modified_gmt":"2020-05-25T19:03:43","slug":"turnieje-miedzynarodowe","status":"publish","type":"page","link":"https:\/\/bkturismo.com\/en\/turnieje-miedzynarodowe\/","title":{"rendered":"International tournaments"},"content":{"rendered":"<div class=\"vc_row wpb_row vc_row-fluid\"><div class=\"wpb_column vc_column_container vc_col-sm-12 sc_layouts_column_icons_position_left\"><div class=\"vc_column-inner vc_custom_1585497480121\"><div class=\"wpb_wrapper\"><\/div><\/div><\/div><\/div><div class=\"vc_row wpb_row vc_row-fluid\"><div class=\"wpb_column vc_column_container vc_col-sm-6 vc_hidden-xs sc_layouts_column_icons_position_left\"><div class=\"vc_column-inner\"><div class=\"wpb_wrapper\">\n\t<div class=\"wpb_text_column wpb_content_element  vc_custom_1587425002851\" >\n\t\t<div class=\"wpb_wrapper\">\n\t\t\t<h2 style=\"text-align: left;\"><strong>INTERNATIONAL TOURNAMENTS<\/strong><\/h2>\n\n\t\t<\/div>\n\t<\/div>\n\n\t<div class=\"wpb_text_column wpb_content_element\" >\n\t\t<div class=\"wpb_wrapper\">\n\t\t\t<p>BK Turismo organizes international youth football tournaments in Spain on the Costa Brava, on unique sports fields where the best Spanish teams compete.<\/p>\n<h3><span style=\"color: #ca0a0e;\">What is special about international tournaments on the Costa Brava?<\/span><\/h3>\n<p>While playing football you can enjoy Spanish sun and have the opportunity to participate in a unique and exciting game with Spanish teams such as FC Barcelona, Valencia, Espanyol, Sevilla, Levante, Girona FC.<\/p>\n<p>Participants can count on additional numerous attractions \u2013 international competition combined with a huge dose of extra holiday fun. The matches will be played in a unique and the one and only such sports facility in the region offering 14 grassy, perfectly prepared pitches, where every year over 1 000 teams from Europe and even the USA appear.<\/p>\n\n\t\t<\/div>\n\t<\/div>\n\n\t<div class=\"wpb_text_column wpb_content_element  vc_custom_1587425142202\" >\n\t\t<div class=\"wpb_wrapper\">\n\t\t\t<h4><span style=\"color: #ca0a0e;\">A high level of sports excitement guaranteed!<\/span><\/h4>\n<p>One of the best methods of developing young characters are football tournaments \u2013 sports competition in the spirit of \"fair play\" teaches from an early age respect and develops personality traits that are very useful in adult life.<\/p>\n<p>Meeting players from different corners of the world gives an opportunity to exchange experiences not only in sports but also guarantees establishing longer acquaintances and the possibility to break the language barrier.<\/p>\n\n\t\t<\/div>\n\t<\/div>\n<\/div><\/div><\/div><div class=\"wpb_column vc_column_container vc_col-sm-6 vc_hidden-xs sc_layouts_column_icons_position_left\"><div class=\"vc_column-inner\"><div class=\"wpb_wrapper\">\n\t<div  class=\"wpb_single_image wpb_content_element vc_align_left  vc_custom_1587424977786\">\n\t\t\n\t\t<figure class=\"wpb_wrapper vc_figure\">\n\t\t\t<a data-rel=\"prettyPhoto[rel-1833-2673809455]\" href=\"https:\/\/bkturismo.com\/wp-content\/uploads\/2020\/04\/48386747_739676486404885_1154314435515383808_o.jpg\" target=\"_self\" class=\"vc_single_image-wrapper   vc_box_border_grey prettyphoto\"><img loading=\"lazy\" decoding=\"async\" width=\"1000\" height=\"667\" src=\"https:\/\/bkturismo.com\/wp-content\/uploads\/2020\/04\/48386747_739676486404885_1154314435515383808_o.jpg\" class=\"vc_single_image-img attachment-large\" alt=\"\" srcset=\"https:\/\/bkturismo.com\/wp-content\/uploads\/2020\/04\/48386747_739676486404885_1154314435515383808_o.jpg 1000w, https:\/\/bkturismo.com\/wp-content\/uploads\/2020\/04\/48386747_739676486404885_1154314435515383808_o-300x200.jpg 300w, https:\/\/bkturismo.com\/wp-content\/uploads\/2020\/04\/48386747_739676486404885_1154314435515383808_o-768x512.jpg 768w, https:\/\/bkturismo.com\/wp-content\/uploads\/2020\/04\/48386747_739676486404885_1154314435515383808_o-370x247.jpg 370w, https:\/\/bkturismo.com\/wp-content\/uploads\/2020\/04\/48386747_739676486404885_1154314435515383808_o-760x507.jpg 760w\" sizes=\"auto, (max-width: 1000px) 100vw, 1000px\" \/><\/a>\n\t\t<\/figure>\n\t<\/div>\n\n\t<div  class=\"wpb_single_image wpb_content_element vc_align_left\">\n\t\t\n\t\t<figure class=\"wpb_wrapper vc_figure\">\n\t\t\t<a data-rel=\"prettyPhoto[rel-1833-1071315513]\" href=\"https:\/\/bkturismo.com\/wp-content\/uploads\/2020\/04\/IMG_3215.jpg\" target=\"_self\" class=\"vc_single_image-wrapper   vc_box_border_grey prettyphoto\"><img loading=\"lazy\" decoding=\"async\" width=\"1000\" height=\"750\" src=\"https:\/\/bkturismo.com\/wp-content\/uploads\/2020\/04\/IMG_3215.jpg\" class=\"vc_single_image-img attachment-large\" alt=\"\" srcset=\"https:\/\/bkturismo.com\/wp-content\/uploads\/2020\/04\/IMG_3215.jpg 1000w, https:\/\/bkturismo.com\/wp-content\/uploads\/2020\/04\/IMG_3215-300x225.jpg 300w, https:\/\/bkturismo.com\/wp-content\/uploads\/2020\/04\/IMG_3215-768x576.jpg 768w, https:\/\/bkturismo.com\/wp-content\/uploads\/2020\/04\/IMG_3215-370x278.jpg 370w, https:\/\/bkturismo.com\/wp-content\/uploads\/2020\/04\/IMG_3215-760x570.jpg 760w\" sizes=\"auto, (max-width: 1000px) 100vw, 1000px\" \/><\/a>\n\t\t<\/figure>\n\t<\/div>\n<\/div><\/div><\/div><\/div><div class=\"vc_row wpb_row vc_row-fluid\"><div class=\"wpb_column vc_column_container vc_col-sm-6 vc_hidden-lg vc_hidden-md vc_hidden-sm sc_layouts_column_icons_position_left\"><div class=\"vc_column-inner\"><div class=\"wpb_wrapper\">\n\t<div class=\"wpb_text_column wpb_content_element  vc_custom_1587425002851\" >\n\t\t<div class=\"wpb_wrapper\">\n\t\t\t<h2 style=\"text-align: left;\"><strong>INTERNATIONAL TOURNAMENTS<\/strong><\/h2>\n\n\t\t<\/div>\n\t<\/div>\n\n\t<div class=\"wpb_text_column wpb_content_element\" >\n\t\t<div class=\"wpb_wrapper\">\n\t\t\t<p>BK Turismo organizes international youth football tournaments in Spain on the Costa Brava, on unique sports fields where the best Spanish teams compete.<\/p>\n<h3><span style=\"color: #ca0a0e;\">What is special about international tournaments on the Costa Brava?<\/span><\/h3>\n<p>While playing football you can enjoy Spanish sun and have the opportunity to participate in a unique and exciting game with Spanish teams such as FC Barcelona, Valencia, Espanyol, Sevilla, Levante, Girona FC.<\/p>\n<p>Participants can count on additional numerous attractions \u2013 international competition combined with a huge dose of extra holiday fun. The matches will be played in a unique and the one and only such sports facility in the region offering 14 grassy, perfectly prepared pitches, where every year over 1 000 teams from Europe and even the USA appear.<\/p>\n\n\t\t<\/div>\n\t<\/div>\n<\/div><\/div><\/div><div class=\"wpb_column vc_column_container vc_col-sm-6 vc_hidden-lg vc_hidden-md vc_hidden-sm sc_layouts_column_icons_position_left\"><div class=\"vc_column-inner\"><div class=\"wpb_wrapper\">\n\t<div  class=\"wpb_single_image wpb_content_element vc_align_left  vc_custom_1589543352151\">\n\t\t\n\t\t<figure class=\"wpb_wrapper vc_figure\">\n\t\t\t<a data-rel=\"prettyPhoto[rel-1833-2911419199]\" href=\"https:\/\/bkturismo.com\/wp-content\/uploads\/2020\/04\/48386747_739676486404885_1154314435515383808_o.jpg\" target=\"_self\" class=\"vc_single_image-wrapper   vc_box_border_grey prettyphoto\"><img loading=\"lazy\" decoding=\"async\" width=\"1000\" height=\"667\" src=\"https:\/\/bkturismo.com\/wp-content\/uploads\/2020\/04\/48386747_739676486404885_1154314435515383808_o.jpg\" class=\"vc_single_image-img attachment-large\" alt=\"\" srcset=\"https:\/\/bkturismo.com\/wp-content\/uploads\/2020\/04\/48386747_739676486404885_1154314435515383808_o.jpg 1000w, https:\/\/bkturismo.com\/wp-content\/uploads\/2020\/04\/48386747_739676486404885_1154314435515383808_o-300x200.jpg 300w, https:\/\/bkturismo.com\/wp-content\/uploads\/2020\/04\/48386747_739676486404885_1154314435515383808_o-768x512.jpg 768w, https:\/\/bkturismo.com\/wp-content\/uploads\/2020\/04\/48386747_739676486404885_1154314435515383808_o-370x247.jpg 370w, https:\/\/bkturismo.com\/wp-content\/uploads\/2020\/04\/48386747_739676486404885_1154314435515383808_o-760x507.jpg 760w\" sizes=\"auto, (max-width: 1000px) 100vw, 1000px\" \/><\/a>\n\t\t<\/figure>\n\t<\/div>\n<\/div><\/div><\/div><\/div><div class=\"vc_row wpb_row vc_row-fluid\"><div class=\"wpb_column vc_column_container vc_col-sm-6 vc_hidden-lg vc_hidden-md vc_hidden-sm sc_layouts_column_icons_position_left\"><div class=\"vc_column-inner\"><div class=\"wpb_wrapper\">\n\t<div class=\"wpb_text_column wpb_content_element  vc_custom_1587425142202\" >\n\t\t<div class=\"wpb_wrapper\">\n\t\t\t<h4><span style=\"color: #ca0a0e;\">A high level of sports excitement guaranteed!<\/span><\/h4>\n<p>One of the best methods of developing young characters are football tournaments \u2013 sports competition in the spirit of \"fair play\" teaches from an early age respect and develops personality traits that are very useful in adult life.<\/p>\n<p>Meeting players from different corners of the world gives an opportunity to exchange experiences not only in sports but also guarantees establishing longer acquaintances and the possibility to break the language barrier.<\/p>\n\n\t\t<\/div>\n\t<\/div>\n<\/div><\/div><\/div><div class=\"wpb_column vc_column_container vc_col-sm-6 vc_hidden-lg vc_hidden-md vc_hidden-sm sc_layouts_column_icons_position_left\"><div class=\"vc_column-inner\"><div class=\"wpb_wrapper\">\n\t<div  class=\"wpb_single_image wpb_content_element vc_align_left  vc_custom_1589543364168\">\n\t\t\n\t\t<figure class=\"wpb_wrapper vc_figure\">\n\t\t\t<a data-rel=\"prettyPhoto[rel-1833-3262173500]\" href=\"https:\/\/bkturismo.com\/wp-content\/uploads\/2020\/04\/IMG_3215.jpg\" target=\"_self\" class=\"vc_single_image-wrapper   vc_box_border_grey prettyphoto\"><img loading=\"lazy\" decoding=\"async\" width=\"1000\" height=\"750\" src=\"https:\/\/bkturismo.com\/wp-content\/uploads\/2020\/04\/IMG_3215.jpg\" class=\"vc_single_image-img attachment-large\" alt=\"\" srcset=\"https:\/\/bkturismo.com\/wp-content\/uploads\/2020\/04\/IMG_3215.jpg 1000w, https:\/\/bkturismo.com\/wp-content\/uploads\/2020\/04\/IMG_3215-300x225.jpg 300w, https:\/\/bkturismo.com\/wp-content\/uploads\/2020\/04\/IMG_3215-768x576.jpg 768w, https:\/\/bkturismo.com\/wp-content\/uploads\/2020\/04\/IMG_3215-370x278.jpg 370w, https:\/\/bkturismo.com\/wp-content\/uploads\/2020\/04\/IMG_3215-760x570.jpg 760w\" sizes=\"auto, (max-width: 1000px) 100vw, 1000px\" \/><\/a>\n\t\t<\/figure>\n\t<\/div>\n<\/div><\/div><\/div><\/div><div class=\"vc_row wpb_row vc_row-fluid c-text-center vc_custom_1587425151926\"><div class=\"wpb_column vc_column_container vc_col-sm-12 sc_layouts_column_icons_position_left\"><div class=\"vc_column-inner\"><div class=\"wpb_wrapper\"><div class=\"vc_btn3-container vc_btn3-center vc_custom_1588456287780\" ><a style=\"background-color:#ca0a0e; color:#ffffff;\" class=\"vc_general vc_btn3 vc_btn3-size-lg vc_btn3-shape-rounded vc_btn3-style-custom\" href=\"\/en\/zapytaj-o-oferte\/\" title=\"\">ASK FOR THE INTERNATIONAL TOURNAMENT<\/a><\/div>\n\t<div class=\"wpb_text_column wpb_content_element  vc_custom_1588456314788\" >\n\t\t<div class=\"wpb_wrapper\">\n\t\t\t<h2 style=\"text-align: center;\"><span style=\"color: #fcc702;\">Feel the atmosphere of sports competition and sign up your team!<\/span><\/h2>\n\n\t\t<\/div>\n\t<\/div>\n<\/div><\/div><\/div><\/div><div class=\"vc_row wpb_row vc_row-fluid vc_custom_1585519852015\"><div class=\"wpb_column vc_column_container vc_col-sm-4 sc_layouts_column_icons_position_left\"><div class=\"vc_column-inner\"><div class=\"wpb_wrapper\">\n\t<div  class=\"wpb_single_image wpb_content_element vc_align_left  vc_custom_1589543315927\">\n\t\t\n\t\t<figure class=\"wpb_wrapper vc_figure\">\n\t\t\t<a data-rel=\"prettyPhoto[rel-1833-1085846634]\" href=\"https:\/\/bkturismo.com\/wp-content\/uploads\/2020\/04\/47218724_1174517542697839_134369855741624320_o.jpg\" target=\"_self\" class=\"vc_single_image-wrapper   vc_box_border_grey prettyphoto\"><img loading=\"lazy\" decoding=\"async\" width=\"1000\" height=\"666\" src=\"https:\/\/bkturismo.com\/wp-content\/uploads\/2020\/04\/47218724_1174517542697839_134369855741624320_o.jpg\" class=\"vc_single_image-img attachment-large\" alt=\"\" srcset=\"https:\/\/bkturismo.com\/wp-content\/uploads\/2020\/04\/47218724_1174517542697839_134369855741624320_o.jpg 1000w, https:\/\/bkturismo.com\/wp-content\/uploads\/2020\/04\/47218724_1174517542697839_134369855741624320_o-300x200.jpg 300w, https:\/\/bkturismo.com\/wp-content\/uploads\/2020\/04\/47218724_1174517542697839_134369855741624320_o-768x511.jpg 768w, https:\/\/bkturismo.com\/wp-content\/uploads\/2020\/04\/47218724_1174517542697839_134369855741624320_o-370x246.jpg 370w, https:\/\/bkturismo.com\/wp-content\/uploads\/2020\/04\/47218724_1174517542697839_134369855741624320_o-760x506.jpg 760w\" sizes=\"auto, (max-width: 1000px) 100vw, 1000px\" \/><\/a>\n\t\t<\/figure>\n\t<\/div>\n<\/div><\/div><\/div><div class=\"wpb_column vc_column_container vc_col-sm-4 sc_layouts_column_icons_position_left\"><div class=\"vc_column-inner\"><div class=\"wpb_wrapper\">\n\t<div  class=\"wpb_single_image wpb_content_element vc_align_left  vc_custom_1589543323757\">\n\t\t\n\t\t<figure class=\"wpb_wrapper vc_figure\">\n\t\t\t<a data-rel=\"prettyPhoto[rel-1833-3823605399]\" href=\"https:\/\/bkturismo.com\/wp-content\/uploads\/2020\/04\/46936977_1174517622697831_2930436034074247168_o.jpg\" target=\"_self\" class=\"vc_single_image-wrapper   vc_box_border_grey prettyphoto\"><img loading=\"lazy\" decoding=\"async\" width=\"1000\" height=\"667\" src=\"https:\/\/bkturismo.com\/wp-content\/uploads\/2020\/04\/46936977_1174517622697831_2930436034074247168_o.jpg\" class=\"vc_single_image-img attachment-large\" alt=\"\" srcset=\"https:\/\/bkturismo.com\/wp-content\/uploads\/2020\/04\/46936977_1174517622697831_2930436034074247168_o.jpg 1000w, https:\/\/bkturismo.com\/wp-content\/uploads\/2020\/04\/46936977_1174517622697831_2930436034074247168_o-300x200.jpg 300w, https:\/\/bkturismo.com\/wp-content\/uploads\/2020\/04\/46936977_1174517622697831_2930436034074247168_o-768x512.jpg 768w, https:\/\/bkturismo.com\/wp-content\/uploads\/2020\/04\/46936977_1174517622697831_2930436034074247168_o-370x247.jpg 370w, https:\/\/bkturismo.com\/wp-content\/uploads\/2020\/04\/46936977_1174517622697831_2930436034074247168_o-760x507.jpg 760w\" sizes=\"auto, (max-width: 1000px) 100vw, 1000px\" \/><\/a>\n\t\t<\/figure>\n\t<\/div>\n<\/div><\/div><\/div><div class=\"wpb_column vc_column_container vc_col-sm-4 sc_layouts_column_icons_position_left\"><div class=\"vc_column-inner\"><div class=\"wpb_wrapper\">\n\t<div  class=\"wpb_single_image wpb_content_element vc_align_left  vc_custom_1589543330509\">\n\t\t\n\t\t<figure class=\"wpb_wrapper vc_figure\">\n\t\t\t<a data-rel=\"prettyPhoto[rel-1833-3045763564]\" href=\"https:\/\/bkturismo.com\/wp-content\/uploads\/2020\/04\/47223904_1174517552697838_1614159558647742464_o.jpg\" target=\"_self\" class=\"vc_single_image-wrapper   vc_box_border_grey prettyphoto\"><img loading=\"lazy\" decoding=\"async\" width=\"1000\" height=\"667\" src=\"https:\/\/bkturismo.com\/wp-content\/uploads\/2020\/04\/47223904_1174517552697838_1614159558647742464_o.jpg\" class=\"vc_single_image-img attachment-large\" alt=\"\" srcset=\"https:\/\/bkturismo.com\/wp-content\/uploads\/2020\/04\/47223904_1174517552697838_1614159558647742464_o.jpg 1000w, https:\/\/bkturismo.com\/wp-content\/uploads\/2020\/04\/47223904_1174517552697838_1614159558647742464_o-300x200.jpg 300w, https:\/\/bkturismo.com\/wp-content\/uploads\/2020\/04\/47223904_1174517552697838_1614159558647742464_o-768x512.jpg 768w, https:\/\/bkturismo.com\/wp-content\/uploads\/2020\/04\/47223904_1174517552697838_1614159558647742464_o-370x247.jpg 370w, https:\/\/bkturismo.com\/wp-content\/uploads\/2020\/04\/47223904_1174517552697838_1614159558647742464_o-760x507.jpg 760w\" sizes=\"auto, (max-width: 1000px) 100vw, 1000px\" \/><\/a>\n\t\t<\/figure>\n\t<\/div>\n<\/div><\/div><\/div><\/div><div class=\"vc_row wpb_row vc_row-fluid\"><div class=\"wpb_column vc_column_container vc_col-sm-12 sc_layouts_column_icons_position_left\"><div class=\"vc_column-inner\"><div class=\"wpb_wrapper\"><\/div><\/div><\/div><\/div>","protected":false},"excerpt":{"rendered":"TURNIEJE MI\u0118DZYNARODOWE BK Turismo organizuje mi\u0119dzynarodowe m\u0142odzie\u017cowe turnieje pi\u0142karskie w Hiszpanii na wybrze\u017cu Costa Brava, na unikalnych boiskach sportowych, na kt\u00f3rych rywalizuj\u0105 najlepsze hiszpa\u0144skie dru\u017cyny. Co jest wyj\u0105tkowego w mi\u0119dzynarodowych turniejach u wybrze\u017cy Costa Brava ? Graj\u0105c w pi\u0142k\u0119 mo\u017cna&hellip;","protected":false},"author":1,"featured_media":0,"parent":0,"menu_order":0,"comment_status":"closed","ping_status":"closed","template":"","meta":{"_exactmetrics_skip_tracking":false,"_exactmetrics_sitenote_active":false,"_exactmetrics_sitenote_note":"","_exactmetrics_sitenote_category":0,"footnotes":""},"class_list":["post-1833","page","type-page","status-publish","hentry"],"yoast_head":"<!-- This site is optimized with the Yoast SEO plugin v25.3 - https:\/\/yoast.com\/wordpress\/plugins\/seo\/ -->\n<title>Turnieje mi\u0119dzynarodowe - BK Turismo Sportowe Biuro Podr\u00f3\u017cy<\/title>\n<meta name=\"description\" content=\"Mi\u0119dzynarodowe turnieje pi\u0142karskie w Hiszpanii. Unikalne boiska sportowe, na kt\u00f3rych rywalizuj\u0105 najlepsze hiszpa\u0144skie dru\u017cyny. Zg\u0142o\u015b swoj\u0105 dru\u017cyn\u0119 ju\u017c dzi\u015b!\" \/>\n<meta name=\"robots\" content=\"index, follow, max-snippet:-1, max-image-preview:large, max-video-preview:-1\" \/>\n<link rel=\"canonical\" href=\"https:\/\/bkturismo.com\/en\/turnieje-miedzynarodowe\/\" \/>\n<meta property=\"og:locale\" content=\"en_GB\" \/>\n<meta property=\"og:type\" content=\"article\" \/>\n<meta property=\"og:title\" content=\"Turnieje mi\u0119dzynarodowe - BK Turismo Sportowe Biuro Podr\u00f3\u017cy\" \/>\n<meta property=\"og:description\" content=\"Mi\u0119dzynarodowe turnieje pi\u0142karskie w Hiszpanii. Unikalne boiska sportowe, na kt\u00f3rych rywalizuj\u0105 najlepsze hiszpa\u0144skie dru\u017cyny. Zg\u0142o\u015b swoj\u0105 dru\u017cyn\u0119 ju\u017c dzi\u015b!\" \/>\n<meta property=\"og:url\" content=\"https:\/\/bkturismo.com\/en\/turnieje-miedzynarodowe\/\" \/>\n<meta property=\"og:site_name\" content=\"BK Turismo\" \/>\n<meta property=\"article:publisher\" content=\"https:\/\/www.facebook.com\/sportowebiuropodrozy\/\" \/>\n<meta property=\"article:modified_time\" content=\"2020-05-25T19:03:43+00:00\" \/>\n<meta name=\"twitter:card\" content=\"summary_large_image\" \/>\n<meta name=\"twitter:label1\" content=\"Estimated reading time\" \/>\n\t<meta name=\"twitter:data1\" content=\"4 minutes\" \/>\n<script type=\"application\/ld+json\" class=\"yoast-schema-graph\">{\"@context\":\"https:\/\/schema.org\",\"@graph\":[{\"@type\":\"WebPage\",\"@id\":\"https:\/\/bkturismo.com\/turnieje-miedzynarodowe\/\",\"url\":\"https:\/\/bkturismo.com\/turnieje-miedzynarodowe\/\",\"name\":\"Turnieje mi\u0119dzynarodowe - BK Turismo Sportowe Biuro Podr\u00f3\u017cy\",\"isPartOf\":{\"@id\":\"https:\/\/bkturismo.com\/#website\"},\"datePublished\":\"2020-03-29T21:15:41+00:00\",\"dateModified\":\"2020-05-25T19:03:43+00:00\",\"description\":\"Mi\u0119dzynarodowe turnieje pi\u0142karskie w Hiszpanii. Unikalne boiska sportowe, na kt\u00f3rych rywalizuj\u0105 najlepsze hiszpa\u0144skie dru\u017cyny. Zg\u0142o\u015b swoj\u0105 dru\u017cyn\u0119 ju\u017c dzi\u015b!\",\"breadcrumb\":{\"@id\":\"https:\/\/bkturismo.com\/turnieje-miedzynarodowe\/#breadcrumb\"},\"inLanguage\":\"en-GB\",\"potentialAction\":[{\"@type\":\"ReadAction\",\"target\":[\"https:\/\/bkturismo.com\/turnieje-miedzynarodowe\/\"]}]},{\"@type\":\"BreadcrumbList\",\"@id\":\"https:\/\/bkturismo.com\/turnieje-miedzynarodowe\/#breadcrumb\",\"itemListElement\":[{\"@type\":\"ListItem\",\"position\":1,\"name\":\"Strona g\u0142\u00f3wna\",\"item\":\"https:\/\/bkturismo.com\/\"},{\"@type\":\"ListItem\",\"position\":2,\"name\":\"Turnieje mi\u0119dzynarodowe\"}]},{\"@type\":\"WebSite\",\"@id\":\"https:\/\/bkturismo.com\/#website\",\"url\":\"https:\/\/bkturismo.com\/\",\"name\":\"BK Turismo\",\"description\":\"Sportowe Biuro Podr\u00f3\u017cy\",\"publisher\":{\"@id\":\"https:\/\/bkturismo.com\/#organization\"},\"potentialAction\":[{\"@type\":\"SearchAction\",\"target\":{\"@type\":\"EntryPoint\",\"urlTemplate\":\"https:\/\/bkturismo.com\/?s={search_term_string}\"},\"query-input\":{\"@type\":\"PropertyValueSpecification\",\"valueRequired\":true,\"valueName\":\"search_term_string\"}}],\"inLanguage\":\"en-GB\"},{\"@type\":\"Organization\",\"@id\":\"https:\/\/bkturismo.com\/#organization\",\"name\":\"BK Turismo\",\"url\":\"https:\/\/bkturismo.com\/\",\"logo\":{\"@type\":\"ImageObject\",\"inLanguage\":\"en-GB\",\"@id\":\"https:\/\/bkturismo.com\/#\/schema\/logo\/image\/\",\"url\":\"https:\/\/bkturismo.com\/wp-content\/uploads\/2020\/02\/logo.png\",\"contentUrl\":\"https:\/\/bkturismo.com\/wp-content\/uploads\/2020\/02\/logo.png\",\"width\":600,\"height\":828,\"caption\":\"BK Turismo\"},\"image\":{\"@id\":\"https:\/\/bkturismo.com\/#\/schema\/logo\/image\/\"},\"sameAs\":[\"https:\/\/www.facebook.com\/sportowebiuropodrozy\/\",\"https:\/\/www.instagram.com\/bkturismo\/\",\"https:\/\/www.youtube.com\/channel\/UCtb2ZBDI0PASR9cHuvnhVvw\"]}]}<\/script>\n<!-- \/ Yoast SEO plugin. -->","yoast_head_json":{"title":"Turnieje mi\u0119dzynarodowe - BK Turismo Sportowe Biuro Podr\u00f3\u017cy","description":"Mi\u0119dzynarodowe turnieje pi\u0142karskie w Hiszpanii. Unikalne boiska sportowe, na kt\u00f3rych rywalizuj\u0105 najlepsze hiszpa\u0144skie dru\u017cyny. Zg\u0142o\u015b swoj\u0105 dru\u017cyn\u0119 ju\u017c dzi\u015b!","robots":{"index":"index","follow":"follow","max-snippet":"max-snippet:-1","max-image-preview":"max-image-preview:large","max-video-preview":"max-video-preview:-1"},"canonical":"https:\/\/bkturismo.com\/en\/turnieje-miedzynarodowe\/","og_locale":"en_GB","og_type":"article","og_title":"Turnieje mi\u0119dzynarodowe - BK Turismo Sportowe Biuro Podr\u00f3\u017cy","og_description":"Mi\u0119dzynarodowe turnieje pi\u0142karskie w Hiszpanii. Unikalne boiska sportowe, na kt\u00f3rych rywalizuj\u0105 najlepsze hiszpa\u0144skie dru\u017cyny. Zg\u0142o\u015b swoj\u0105 dru\u017cyn\u0119 ju\u017c dzi\u015b!","og_url":"https:\/\/bkturismo.com\/en\/turnieje-miedzynarodowe\/","og_site_name":"BK Turismo","article_publisher":"https:\/\/www.facebook.com\/sportowebiuropodrozy\/","article_modified_time":"2020-05-25T19:03:43+00:00","twitter_card":"summary_large_image","twitter_misc":{"Estimated reading time":"4 minutes"},"schema":{"@context":"https:\/\/schema.org","@graph":[{"@type":"WebPage","@id":"https:\/\/bkturismo.com\/turnieje-miedzynarodowe\/","url":"https:\/\/bkturismo.com\/turnieje-miedzynarodowe\/","name":"Turnieje mi\u0119dzynarodowe - BK Turismo Sportowe Biuro Podr\u00f3\u017cy","isPartOf":{"@id":"https:\/\/bkturismo.com\/#website"},"datePublished":"2020-03-29T21:15:41+00:00","dateModified":"2020-05-25T19:03:43+00:00","description":"Mi\u0119dzynarodowe turnieje pi\u0142karskie w Hiszpanii. Unikalne boiska sportowe, na kt\u00f3rych rywalizuj\u0105 najlepsze hiszpa\u0144skie dru\u017cyny. Zg\u0142o\u015b swoj\u0105 dru\u017cyn\u0119 ju\u017c dzi\u015b!","breadcrumb":{"@id":"https:\/\/bkturismo.com\/turnieje-miedzynarodowe\/#breadcrumb"},"inLanguage":"en-GB","potentialAction":[{"@type":"ReadAction","target":["https:\/\/bkturismo.com\/turnieje-miedzynarodowe\/"]}]},{"@type":"BreadcrumbList","@id":"https:\/\/bkturismo.com\/turnieje-miedzynarodowe\/#breadcrumb","itemListElement":[{"@type":"ListItem","position":1,"name":"Strona g\u0142\u00f3wna","item":"https:\/\/bkturismo.com\/"},{"@type":"ListItem","position":2,"name":"Turnieje mi\u0119dzynarodowe"}]},{"@type":"WebSite","@id":"https:\/\/bkturismo.com\/#website","url":"https:\/\/bkturismo.com\/","name":"BK Turismo","description":"Sportowe Biuro Podr\u00f3\u017cy","publisher":{"@id":"https:\/\/bkturismo.com\/#organization"},"potentialAction":[{"@type":"SearchAction","target":{"@type":"EntryPoint","urlTemplate":"https:\/\/bkturismo.com\/?s={search_term_string}"},"query-input":{"@type":"PropertyValueSpecification","valueRequired":true,"valueName":"search_term_string"}}],"inLanguage":"en-GB"},{"@type":"Organization","@id":"https:\/\/bkturismo.com\/#organization","name":"BK Turismo","url":"https:\/\/bkturismo.com\/","logo":{"@type":"ImageObject","inLanguage":"en-GB","@id":"https:\/\/bkturismo.com\/#\/schema\/logo\/image\/","url":"https:\/\/bkturismo.com\/wp-content\/uploads\/2020\/02\/logo.png","contentUrl":"https:\/\/bkturismo.com\/wp-content\/uploads\/2020\/02\/logo.png","width":600,"height":828,"caption":"BK Turismo"},"image":{"@id":"https:\/\/bkturismo.com\/#\/schema\/logo\/image\/"},"sameAs":["https:\/\/www.facebook.com\/sportowebiuropodrozy\/","https:\/\/www.instagram.com\/bkturismo\/","https:\/\/www.youtube.com\/channel\/UCtb2ZBDI0PASR9cHuvnhVvw"]}]}},"_links":{"self":[{"href":"https:\/\/bkturismo.com\/en\/wp-json\/wp\/v2\/pages\/1833","targetHints":{"allow":["GET"]}}],"collection":[{"href":"https:\/\/bkturismo.com\/en\/wp-json\/wp\/v2\/pages"}],"about":[{"href":"https:\/\/bkturismo.com\/en\/wp-json\/wp\/v2\/types\/page"}],"author":[{"embeddable":true,"href":"https:\/\/bkturismo.com\/en\/wp-json\/wp\/v2\/users\/1"}],"replies":[{"embeddable":true,"href":"https:\/\/bkturismo.com\/en\/wp-json\/wp\/v2\/comments?post=1833"}],"version-history":[{"count":10,"href":"https:\/\/bkturismo.com\/en\/wp-json\/wp\/v2\/pages\/1833\/revisions"}],"predecessor-version":[{"id":2714,"href":"https:\/\/bkturismo.com\/en\/wp-json\/wp\/v2\/pages\/1833\/revisions\/2714"}],"wp:attachment":[{"href":"https:\/\/bkturismo.com\/en\/wp-json\/wp\/v2\/media?parent=1833"}],"curies":[{"name":"wp","href":"https:\/\/api.w.org\/{rel}","templated":true}]}}