{"id":2596,"date":"2020-05-18T14:31:05","date_gmt":"2020-05-18T12:31:05","guid":{"rendered":"https:\/\/bkturismo.com\/?page_id=2596"},"modified":"2020-07-30T11:28:08","modified_gmt":"2020-07-30T09:28:08","slug":"polityka-plikow-cookies","status":"publish","type":"page","link":"https:\/\/bkturismo.com\/en\/polityka-plikow-cookies\/","title":{"rendered":"Cookie Policy"},"content":{"rendered":"<ol class=\"wp-block-list\" type=\"I\"><li><strong>DEFINITIONS<\/strong><\/li><\/ol>\n\n\n\n<ol class=\"wp-block-list\" type=\"1\"><li>The Administrator - Malwina Jurczyk conducting business activity under the company \"BK Turismo Malwina Jurczyk\" with its headquarters at the address 86\/2 Mr\u0105gowska Street, 54-111 Wroc\u0142aw, entered in the Central Register and Information on Economic Activity, Tax Identification Number: 6731840516, National Business Registry Number: 361397503, e-mail: info@bkturismo.com, telephone number 691 183 825.<\/li><li>The Cookies - IT data, small text files, saved and stored on the Devices through which the User uses the Administrator's website.<\/li><li>The Device - an electronic device through which the User gains access to the Administrator's website.<\/li><li>The User - means natural or legal person towards whom, in accordance with the Regulations and the law, services may be provided electronically, or with whom an Agreement on provision of services electronically may be concluded.<\/li><\/ol>\n\n\n\n<ol class=\"wp-block-list\" type=\"I\"><li><strong>USE OF COOKIES<\/strong><\/li><\/ol>\n\n\n\n<ol class=\"wp-block-list\" type=\"1\"><li>The administrator uses Cookies through the website.<\/li><li>The information collected on the basis of the Cookies is used for the purposes of proper optimization of the website, as well as for statistical and advertising purposes.<\/li><li>Cookies record the activity of the website\u2019s User by recognizing the Device, so that the website is displayed according to the individual User preferences.<\/li><li>The solutions used on the website are safe for User\u2019s Devices using the Administrator\u2019s website. It is not possible to get through any dangerous or malicious software to User\u2019s Devices.<\/li><li>The Administrator uses two types of Cookies:<br>&#8211; Cookies sesyjne: to pliki, kt\u00f3re s\u0105 przechowywane na Urz\u0105dzeniu U\u017cytkownika i pozostaj\u0105 tam do momentu zako\u0144czenia sesji danej przegl\u0105darki. Zapisane informacje s\u0105 w\u00f3wczas trwale usuwane z pami\u0119ci Urz\u0105dzenia. Mechanizm Cookies sesyjnych nie pozwala na pobieranie jakichkolwiek danych osobowych ani \u017cadnych informacji poufnych z Urz\u0105dzenia U\u017cytkownika.<br>&#8211; Cookies trwa\u0142e: s\u0105 przechowywane na Urz\u0105dzeniu U\u017cytkownika i pozostaj\u0105 tam do momentu ich skasowania. Zako\u0144czenie sesji danej przegl\u0105darki lub wy\u0142\u0105czenie Urz\u0105dzenia nie powoduje ich usuni\u0119cia z Urz\u0105dzenia. Mechanizm Cookies trwa\u0142ych nie pozwala na pobieranie jakichkolwiek danych osobowych ani \u017cadnych informacji poufnych z Urz\u0105dzenia U\u017cytkownika.<\/li><\/ol>\n\n\n\n<ol class=\"wp-block-list\" type=\"I\"><li><strong>THE WAYS OF DETERMINING THE CONDITIONS OF STORAGE OR GETTING ACCESS TO COOKIES<\/strong><\/li><\/ol>\n\n\n\n<ol class=\"wp-block-list\" type=\"1\"><li>The User has the option of limiting or disabling the access of Cookies to the Device. In a case of using this option, the use of Administrator's website will be possible, apart from the features that by their nature require Cookies.<\/li><li>The User can change the settings for Cookies on his own at any time by specifying the conditions of their storage and access by Cookies to the User\u2019s Device. These changes of settings can be made by the User through the settings of his web browser or through the configuration of the service. These settings may be changed particularly to block the automatic service of Cookies in the settings of the web browser or to inform about their placement on the Device each time. Detailed information about the possibilities and methods of the service of Cookies are available in the software\u2019s settings (web browser\u2019s).<\/li><li>The User can delete Cookies at any time by using the functions available in the User\u2019s web browser.<\/li><li>Limiting the use of Cookies may affect some features available on the Administrator's website.<\/li><\/ol>","protected":false},"excerpt":{"rendered":"<p>DEFINICJE Administrator \u2013 Malwina Jurczyk prowadz\u0105ca dzia\u0142alno\u015b\u0107 gospodarcz\u0105 pod firm\u0105 \u201eBK Turismo Malwina Jurczyk\u201d z zak\u0142adem g\u0142\u00f3wnym pod adresem: ul. Mr\u0105gowska 86\/2, 54-111 Wroc\u0142aw, wpisan\u0105 do Centralnej Ewidencji i Informacji o Dzia\u0142alno\u015bci Gospodarczej, NIP: 6731840516 , REGON: 361397503, e-mail: info@bkturismo.com,&hellip;<\/p>","protected":false},"author":1,"featured_media":0,"parent":0,"menu_order":0,"comment_status":"closed","ping_status":"closed","template":"","meta":{"_exactmetrics_skip_tracking":false,"_exactmetrics_sitenote_active":false,"_exactmetrics_sitenote_note":"","_exactmetrics_sitenote_category":0,"footnotes":""},"class_list":["post-2596","page","type-page","status-publish","hentry"],"yoast_head":"<!-- This site is optimized with the Yoast SEO plugin v25.3 - https:\/\/yoast.com\/wordpress\/plugins\/seo\/ -->\n<title>Polityka plik\u00f3w cookies - BK Turismo<\/title>\n<meta name=\"robots\" content=\"index, follow, max-snippet:-1, max-image-preview:large, max-video-preview:-1\" \/>\n<link rel=\"canonical\" href=\"https:\/\/bkturismo.com\/en\/polityka-plikow-cookies\/\" \/>\n<meta property=\"og:locale\" content=\"en_GB\" \/>\n<meta property=\"og:type\" content=\"article\" \/>\n<meta property=\"og:title\" content=\"Polityka plik\u00f3w cookies - BK Turismo\" \/>\n<meta property=\"og:description\" content=\"DEFINICJE Administrator \u2013 Malwina Jurczyk prowadz\u0105ca dzia\u0142alno\u015b\u0107 gospodarcz\u0105 pod firm\u0105 \u201eBK Turismo Malwina Jurczyk\u201d z zak\u0142adem g\u0142\u00f3wnym pod adresem: ul. Mr\u0105gowska 86\/2, 54-111 Wroc\u0142aw, wpisan\u0105 do Centralnej Ewidencji i Informacji o Dzia\u0142alno\u015bci Gospodarczej, NIP: 6731840516 , REGON: 361397503, e-mail: info@bkturismo.com,&hellip;\" \/>\n<meta property=\"og:url\" content=\"https:\/\/bkturismo.com\/en\/polityka-plikow-cookies\/\" \/>\n<meta property=\"og:site_name\" content=\"BK Turismo\" \/>\n<meta property=\"article:publisher\" content=\"https:\/\/www.facebook.com\/sportowebiuropodrozy\/\" \/>\n<meta property=\"article:modified_time\" content=\"2020-07-30T09:28:08+00:00\" \/>\n<meta name=\"twitter:card\" content=\"summary_large_image\" \/>\n<meta name=\"twitter:label1\" content=\"Estimated reading time\" \/>\n\t<meta name=\"twitter:data1\" content=\"3 minutes\" \/>\n<script type=\"application\/ld+json\" class=\"yoast-schema-graph\">{\"@context\":\"https:\/\/schema.org\",\"@graph\":[{\"@type\":\"WebPage\",\"@id\":\"https:\/\/bkturismo.com\/polityka-plikow-cookies\/\",\"url\":\"https:\/\/bkturismo.com\/polityka-plikow-cookies\/\",\"name\":\"Polityka plik\u00f3w cookies - BK Turismo\",\"isPartOf\":{\"@id\":\"https:\/\/bkturismo.com\/#website\"},\"datePublished\":\"2020-05-18T12:31:05+00:00\",\"dateModified\":\"2020-07-30T09:28:08+00:00\",\"breadcrumb\":{\"@id\":\"https:\/\/bkturismo.com\/polityka-plikow-cookies\/#breadcrumb\"},\"inLanguage\":\"en-GB\",\"potentialAction\":[{\"@type\":\"ReadAction\",\"target\":[\"https:\/\/bkturismo.com\/polityka-plikow-cookies\/\"]}]},{\"@type\":\"BreadcrumbList\",\"@id\":\"https:\/\/bkturismo.com\/polityka-plikow-cookies\/#breadcrumb\",\"itemListElement\":[{\"@type\":\"ListItem\",\"position\":1,\"name\":\"Strona g\u0142\u00f3wna\",\"item\":\"https:\/\/bkturismo.com\/\"},{\"@type\":\"ListItem\",\"position\":2,\"name\":\"Polityka plik\u00f3w cookies\"}]},{\"@type\":\"WebSite\",\"@id\":\"https:\/\/bkturismo.com\/#website\",\"url\":\"https:\/\/bkturismo.com\/\",\"name\":\"BK Turismo\",\"description\":\"Sportowe Biuro Podr\u00f3\u017cy\",\"publisher\":{\"@id\":\"https:\/\/bkturismo.com\/#organization\"},\"potentialAction\":[{\"@type\":\"SearchAction\",\"target\":{\"@type\":\"EntryPoint\",\"urlTemplate\":\"https:\/\/bkturismo.com\/?s={search_term_string}\"},\"query-input\":{\"@type\":\"PropertyValueSpecification\",\"valueRequired\":true,\"valueName\":\"search_term_string\"}}],\"inLanguage\":\"en-GB\"},{\"@type\":\"Organization\",\"@id\":\"https:\/\/bkturismo.com\/#organization\",\"name\":\"BK Turismo\",\"url\":\"https:\/\/bkturismo.com\/\",\"logo\":{\"@type\":\"ImageObject\",\"inLanguage\":\"en-GB\",\"@id\":\"https:\/\/bkturismo.com\/#\/schema\/logo\/image\/\",\"url\":\"https:\/\/bkturismo.com\/wp-content\/uploads\/2020\/02\/logo.png\",\"contentUrl\":\"https:\/\/bkturismo.com\/wp-content\/uploads\/2020\/02\/logo.png\",\"width\":600,\"height\":828,\"caption\":\"BK Turismo\"},\"image\":{\"@id\":\"https:\/\/bkturismo.com\/#\/schema\/logo\/image\/\"},\"sameAs\":[\"https:\/\/www.facebook.com\/sportowebiuropodrozy\/\",\"https:\/\/www.instagram.com\/bkturismo\/\",\"https:\/\/www.youtube.com\/channel\/UCtb2ZBDI0PASR9cHuvnhVvw\"]}]}<\/script>\n<!-- \/ Yoast SEO plugin. -->","yoast_head_json":{"title":"Polityka plik\u00f3w cookies - BK Turismo","robots":{"index":"index","follow":"follow","max-snippet":"max-snippet:-1","max-image-preview":"max-image-preview:large","max-video-preview":"max-video-preview:-1"},"canonical":"https:\/\/bkturismo.com\/en\/polityka-plikow-cookies\/","og_locale":"en_GB","og_type":"article","og_title":"Polityka plik\u00f3w cookies - BK Turismo","og_description":"DEFINICJE Administrator \u2013 Malwina Jurczyk prowadz\u0105ca dzia\u0142alno\u015b\u0107 gospodarcz\u0105 pod firm\u0105 \u201eBK Turismo Malwina Jurczyk\u201d z zak\u0142adem g\u0142\u00f3wnym pod adresem: ul. Mr\u0105gowska 86\/2, 54-111 Wroc\u0142aw, wpisan\u0105 do Centralnej Ewidencji i Informacji o Dzia\u0142alno\u015bci Gospodarczej, NIP: 6731840516 , REGON: 361397503, e-mail: info@bkturismo.com,&hellip;","og_url":"https:\/\/bkturismo.com\/en\/polityka-plikow-cookies\/","og_site_name":"BK Turismo","article_publisher":"https:\/\/www.facebook.com\/sportowebiuropodrozy\/","article_modified_time":"2020-07-30T09:28:08+00:00","twitter_card":"summary_large_image","twitter_misc":{"Estimated reading time":"3 minutes"},"schema":{"@context":"https:\/\/schema.org","@graph":[{"@type":"WebPage","@id":"https:\/\/bkturismo.com\/polityka-plikow-cookies\/","url":"https:\/\/bkturismo.com\/polityka-plikow-cookies\/","name":"Polityka plik\u00f3w cookies - BK Turismo","isPartOf":{"@id":"https:\/\/bkturismo.com\/#website"},"datePublished":"2020-05-18T12:31:05+00:00","dateModified":"2020-07-30T09:28:08+00:00","breadcrumb":{"@id":"https:\/\/bkturismo.com\/polityka-plikow-cookies\/#breadcrumb"},"inLanguage":"en-GB","potentialAction":[{"@type":"ReadAction","target":["https:\/\/bkturismo.com\/polityka-plikow-cookies\/"]}]},{"@type":"BreadcrumbList","@id":"https:\/\/bkturismo.com\/polityka-plikow-cookies\/#breadcrumb","itemListElement":[{"@type":"ListItem","position":1,"name":"Strona g\u0142\u00f3wna","item":"https:\/\/bkturismo.com\/"},{"@type":"ListItem","position":2,"name":"Polityka plik\u00f3w cookies"}]},{"@type":"WebSite","@id":"https:\/\/bkturismo.com\/#website","url":"https:\/\/bkturismo.com\/","name":"BK Turismo","description":"Sportowe Biuro Podr\u00f3\u017cy","publisher":{"@id":"https:\/\/bkturismo.com\/#organization"},"potentialAction":[{"@type":"SearchAction","target":{"@type":"EntryPoint","urlTemplate":"https:\/\/bkturismo.com\/?s={search_term_string}"},"query-input":{"@type":"PropertyValueSpecification","valueRequired":true,"valueName":"search_term_string"}}],"inLanguage":"en-GB"},{"@type":"Organization","@id":"https:\/\/bkturismo.com\/#organization","name":"BK Turismo","url":"https:\/\/bkturismo.com\/","logo":{"@type":"ImageObject","inLanguage":"en-GB","@id":"https:\/\/bkturismo.com\/#\/schema\/logo\/image\/","url":"https:\/\/bkturismo.com\/wp-content\/uploads\/2020\/02\/logo.png","contentUrl":"https:\/\/bkturismo.com\/wp-content\/uploads\/2020\/02\/logo.png","width":600,"height":828,"caption":"BK Turismo"},"image":{"@id":"https:\/\/bkturismo.com\/#\/schema\/logo\/image\/"},"sameAs":["https:\/\/www.facebook.com\/sportowebiuropodrozy\/","https:\/\/www.instagram.com\/bkturismo\/","https:\/\/www.youtube.com\/channel\/UCtb2ZBDI0PASR9cHuvnhVvw"]}]}},"_links":{"self":[{"href":"https:\/\/bkturismo.com\/en\/wp-json\/wp\/v2\/pages\/2596","targetHints":{"allow":["GET"]}}],"collection":[{"href":"https:\/\/bkturismo.com\/en\/wp-json\/wp\/v2\/pages"}],"about":[{"href":"https:\/\/bkturismo.com\/en\/wp-json\/wp\/v2\/types\/page"}],"author":[{"embeddable":true,"href":"https:\/\/bkturismo.com\/en\/wp-json\/wp\/v2\/users\/1"}],"replies":[{"embeddable":true,"href":"https:\/\/bkturismo.com\/en\/wp-json\/wp\/v2\/comments?post=2596"}],"version-history":[{"count":2,"href":"https:\/\/bkturismo.com\/en\/wp-json\/wp\/v2\/pages\/2596\/revisions"}],"predecessor-version":[{"id":2925,"href":"https:\/\/bkturismo.com\/en\/wp-json\/wp\/v2\/pages\/2596\/revisions\/2925"}],"wp:attachment":[{"href":"https:\/\/bkturismo.com\/en\/wp-json\/wp\/v2\/media?parent=2596"}],"curies":[{"name":"wp","href":"https:\/\/api.w.org\/{rel}","templated":true}]}}