{"id":2739,"date":"2020-05-27T22:47:45","date_gmt":"2020-05-27T20:47:45","guid":{"rendered":"https:\/\/bkturismo.com\/?page_id=2739"},"modified":"2020-10-20T12:59:37","modified_gmt":"2020-10-20T10:59:37","slug":"wideo","status":"publish","type":"page","link":"https:\/\/bkturismo.com\/en\/wideo\/","title":{"rendered":"Video"},"content":{"rendered":"<div class=\"vc_row wpb_row vc_row-fluid\"><div class=\"wpb_column vc_column_container vc_col-sm-12 sc_layouts_column_icons_position_left\"><div class=\"vc_column-inner\"><div class=\"wpb_wrapper\"><\/div><\/div><\/div><\/div><div class=\"vc_row wpb_row vc_row-fluid\"><div class=\"wpb_column vc_column_container vc_col-sm-6 sc_layouts_column_icons_position_left\"><div class=\"vc_column-inner\"><div class=\"wpb_wrapper\">\n\t<div class=\"wpb_video_widget wpb_content_element vc_clearfix   vc_video-aspect-ratio-169 vc_video-el-width-100 vc_video-align-left\" >\n\t\t<div class=\"wpb_wrapper\">\n\t\t\t\n\t\t\t<div class=\"wpb_video_wrapper\"><iframe loading=\"lazy\" title=\"BK Turismo w liczbach\" width=\"1170\" height=\"658\" src=\"https:\/\/www.youtube.com\/embed\/YguZLz1ulm4?feature=oembed\" frameborder=\"0\" allow=\"accelerometer; autoplay; encrypted-media; gyroscope; picture-in-picture\" allowfullscreen><\/iframe><\/div>\n\t\t<\/div>\n\t<\/div>\n\n\t<div class=\"wpb_video_widget wpb_content_element vc_clearfix   vc_custom_1590612349636 vc_video-aspect-ratio-169 vc_video-el-width-100 vc_video-align-left\" >\n\t\t<div class=\"wpb_wrapper\">\n\t\t\t\n\t\t\t<div class=\"wpb_video_wrapper\"><iframe loading=\"lazy\" title=\"Bk Turismo Professional Sports Camps\" width=\"1170\" height=\"658\" src=\"https:\/\/www.youtube.com\/embed\/AwDaRJwbeRA?feature=oembed\" frameborder=\"0\" allow=\"accelerometer; autoplay; encrypted-media; gyroscope; picture-in-picture\" allowfullscreen><\/iframe><\/div>\n\t\t<\/div>\n\t<\/div>\n\n\t<div class=\"wpb_video_widget wpb_content_element vc_clearfix   vc_video-aspect-ratio-169 vc_video-el-width-100 vc_video-align-left\" >\n\t\t<div class=\"wpb_wrapper\">\n\t\t\t\n\t\t\t<div class=\"wpb_video_wrapper\"><iframe loading=\"lazy\" title=\"BK Turismo - Italia Camp\" width=\"1170\" height=\"658\" src=\"https:\/\/www.youtube.com\/embed\/poV91AOXKDs?start=1&feature=oembed\" frameborder=\"0\" allow=\"accelerometer; autoplay; encrypted-media; gyroscope; picture-in-picture\" allowfullscreen><\/iframe><\/div>\n\t\t<\/div>\n\t<\/div>\n<\/div><\/div><\/div><div class=\"wpb_column vc_column_container vc_col-sm-6 sc_layouts_column_icons_position_left\"><div class=\"vc_column-inner\"><div class=\"wpb_wrapper\">\n\t<div class=\"wpb_video_widget wpb_content_element vc_clearfix   vc_video-aspect-ratio-169 vc_video-el-width-100 vc_video-align-left\" >\n\t\t<div class=\"wpb_wrapper\">\n\t\t\t\n\t\t\t<div class=\"wpb_video_wrapper\"><iframe loading=\"lazy\" title=\"Ob\u00f3z pi\u0142karski w okresie zimy w Hiszpanii w miejscowo\u015bci Lloret de Mar\" width=\"1170\" height=\"658\" src=\"https:\/\/www.youtube.com\/embed\/Oesa5YZxAIM?feature=oembed\" frameborder=\"0\" allow=\"accelerometer; autoplay; encrypted-media; gyroscope; picture-in-picture\" allowfullscreen><\/iframe><\/div>\n\t\t<\/div>\n\t<\/div>\n\n\t<div class=\"wpb_video_widget wpb_content_element vc_clearfix   vc_custom_1590612355900 vc_video-aspect-ratio-169 vc_video-el-width-100 vc_video-align-left\" >\n\t\t<div class=\"wpb_wrapper\">\n\t\t\t\n\t\t\t<div class=\"wpb_video_wrapper\"><iframe loading=\"lazy\" title=\"Hiszpania, Lloret de Mar - ob\u00f3z pi\u0142karski zima 2019\" width=\"1170\" height=\"658\" src=\"https:\/\/www.youtube.com\/embed\/ib7Zk7Xmea0?feature=oembed\" frameborder=\"0\" allow=\"accelerometer; autoplay; encrypted-media; gyroscope; picture-in-picture\" allowfullscreen><\/iframe><\/div>\n\t\t<\/div>\n\t<\/div>\n\n\t<div class=\"wpb_raw_code wpb_content_element wpb_raw_html vc_custom_1603191573972\" >\n\t\t<div class=\"wpb_wrapper\">\n\t\t\t<iframe loading=\"lazy\" src=\"https:\/\/drive.google.com\/file\/d\/1SOy_WFt1D55h70Xgc2tIavtcadY7Qu9z\/preview\" width=\"640\" height=\"322\"><\/iframe>\n\t\t<\/div>\n\t<\/div>\n<\/div><\/div><\/div><\/div><div class=\"vc_row wpb_row vc_row-fluid\"><div class=\"wpb_column vc_column_container vc_col-sm-12 sc_layouts_column_icons_position_left\"><div class=\"vc_column-inner\"><div class=\"wpb_wrapper\"><\/div><\/div><\/div><\/div>","protected":false},"excerpt":{"rendered":"","protected":false},"author":1,"featured_media":0,"parent":0,"menu_order":0,"comment_status":"closed","ping_status":"closed","template":"","meta":{"_exactmetrics_skip_tracking":false,"_exactmetrics_sitenote_active":false,"_exactmetrics_sitenote_note":"","_exactmetrics_sitenote_category":0,"footnotes":""},"class_list":["post-2739","page","type-page","status-publish","hentry"],"yoast_head":"<!-- This site is optimized with the Yoast SEO plugin v25.3 - https:\/\/yoast.com\/wordpress\/plugins\/seo\/ -->\n<title>Wideo - BK Turismo<\/title>\n<meta name=\"robots\" content=\"index, follow, max-snippet:-1, max-image-preview:large, max-video-preview:-1\" \/>\n<link rel=\"canonical\" href=\"https:\/\/bkturismo.com\/en\/wideo\/\" \/>\n<meta property=\"og:locale\" content=\"en_GB\" \/>\n<meta property=\"og:type\" content=\"article\" \/>\n<meta property=\"og:title\" content=\"Wideo - BK Turismo\" \/>\n<meta property=\"og:url\" content=\"https:\/\/bkturismo.com\/en\/wideo\/\" \/>\n<meta property=\"og:site_name\" content=\"BK Turismo\" \/>\n<meta property=\"article:publisher\" content=\"https:\/\/www.facebook.com\/sportowebiuropodrozy\/\" \/>\n<meta property=\"article:modified_time\" content=\"2020-10-20T10:59:37+00:00\" \/>\n<meta name=\"twitter:card\" content=\"summary_large_image\" \/>\n<meta name=\"twitter:label1\" content=\"Estimated reading time\" \/>\n\t<meta name=\"twitter:data1\" content=\"1 minute\" \/>\n<script type=\"application\/ld+json\" class=\"yoast-schema-graph\">{\"@context\":\"https:\/\/schema.org\",\"@graph\":[{\"@type\":\"WebPage\",\"@id\":\"https:\/\/bkturismo.com\/en\/wideo\/\",\"url\":\"https:\/\/bkturismo.com\/en\/wideo\/\",\"name\":\"Wideo - BK Turismo\",\"isPartOf\":{\"@id\":\"https:\/\/bkturismo.com\/#website\"},\"datePublished\":\"2020-05-27T20:47:45+00:00\",\"dateModified\":\"2020-10-20T10:59:37+00:00\",\"breadcrumb\":{\"@id\":\"https:\/\/bkturismo.com\/en\/wideo\/#breadcrumb\"},\"inLanguage\":\"en-GB\",\"potentialAction\":[{\"@type\":\"ReadAction\",\"target\":[\"https:\/\/bkturismo.com\/en\/wideo\/\"]}]},{\"@type\":\"BreadcrumbList\",\"@id\":\"https:\/\/bkturismo.com\/en\/wideo\/#breadcrumb\",\"itemListElement\":[{\"@type\":\"ListItem\",\"position\":1,\"name\":\"Strona g\u0142\u00f3wna\",\"item\":\"https:\/\/bkturismo.com\/\"},{\"@type\":\"ListItem\",\"position\":2,\"name\":\"Wideo\"}]},{\"@type\":\"WebSite\",\"@id\":\"https:\/\/bkturismo.com\/#website\",\"url\":\"https:\/\/bkturismo.com\/\",\"name\":\"BK Turismo\",\"description\":\"Sportowe Biuro Podr\u00f3\u017cy\",\"publisher\":{\"@id\":\"https:\/\/bkturismo.com\/#organization\"},\"potentialAction\":[{\"@type\":\"SearchAction\",\"target\":{\"@type\":\"EntryPoint\",\"urlTemplate\":\"https:\/\/bkturismo.com\/?s={search_term_string}\"},\"query-input\":{\"@type\":\"PropertyValueSpecification\",\"valueRequired\":true,\"valueName\":\"search_term_string\"}}],\"inLanguage\":\"en-GB\"},{\"@type\":\"Organization\",\"@id\":\"https:\/\/bkturismo.com\/#organization\",\"name\":\"BK Turismo\",\"url\":\"https:\/\/bkturismo.com\/\",\"logo\":{\"@type\":\"ImageObject\",\"inLanguage\":\"en-GB\",\"@id\":\"https:\/\/bkturismo.com\/#\/schema\/logo\/image\/\",\"url\":\"https:\/\/bkturismo.com\/wp-content\/uploads\/2020\/02\/logo.png\",\"contentUrl\":\"https:\/\/bkturismo.com\/wp-content\/uploads\/2020\/02\/logo.png\",\"width\":600,\"height\":828,\"caption\":\"BK Turismo\"},\"image\":{\"@id\":\"https:\/\/bkturismo.com\/#\/schema\/logo\/image\/\"},\"sameAs\":[\"https:\/\/www.facebook.com\/sportowebiuropodrozy\/\",\"https:\/\/www.instagram.com\/bkturismo\/\",\"https:\/\/www.youtube.com\/channel\/UCtb2ZBDI0PASR9cHuvnhVvw\"]}]}<\/script>\n<!-- \/ Yoast SEO plugin. -->","yoast_head_json":{"title":"Wideo - BK Turismo","robots":{"index":"index","follow":"follow","max-snippet":"max-snippet:-1","max-image-preview":"max-image-preview:large","max-video-preview":"max-video-preview:-1"},"canonical":"https:\/\/bkturismo.com\/en\/wideo\/","og_locale":"en_GB","og_type":"article","og_title":"Wideo - BK Turismo","og_url":"https:\/\/bkturismo.com\/en\/wideo\/","og_site_name":"BK Turismo","article_publisher":"https:\/\/www.facebook.com\/sportowebiuropodrozy\/","article_modified_time":"2020-10-20T10:59:37+00:00","twitter_card":"summary_large_image","twitter_misc":{"Estimated reading time":"1 minute"},"schema":{"@context":"https:\/\/schema.org","@graph":[{"@type":"WebPage","@id":"https:\/\/bkturismo.com\/en\/wideo\/","url":"https:\/\/bkturismo.com\/en\/wideo\/","name":"Wideo - BK Turismo","isPartOf":{"@id":"https:\/\/bkturismo.com\/#website"},"datePublished":"2020-05-27T20:47:45+00:00","dateModified":"2020-10-20T10:59:37+00:00","breadcrumb":{"@id":"https:\/\/bkturismo.com\/en\/wideo\/#breadcrumb"},"inLanguage":"en-GB","potentialAction":[{"@type":"ReadAction","target":["https:\/\/bkturismo.com\/en\/wideo\/"]}]},{"@type":"BreadcrumbList","@id":"https:\/\/bkturismo.com\/en\/wideo\/#breadcrumb","itemListElement":[{"@type":"ListItem","position":1,"name":"Strona g\u0142\u00f3wna","item":"https:\/\/bkturismo.com\/"},{"@type":"ListItem","position":2,"name":"Wideo"}]},{"@type":"WebSite","@id":"https:\/\/bkturismo.com\/#website","url":"https:\/\/bkturismo.com\/","name":"BK Turismo","description":"Sportowe Biuro Podr\u00f3\u017cy","publisher":{"@id":"https:\/\/bkturismo.com\/#organization"},"potentialAction":[{"@type":"SearchAction","target":{"@type":"EntryPoint","urlTemplate":"https:\/\/bkturismo.com\/?s={search_term_string}"},"query-input":{"@type":"PropertyValueSpecification","valueRequired":true,"valueName":"search_term_string"}}],"inLanguage":"en-GB"},{"@type":"Organization","@id":"https:\/\/bkturismo.com\/#organization","name":"BK Turismo","url":"https:\/\/bkturismo.com\/","logo":{"@type":"ImageObject","inLanguage":"en-GB","@id":"https:\/\/bkturismo.com\/#\/schema\/logo\/image\/","url":"https:\/\/bkturismo.com\/wp-content\/uploads\/2020\/02\/logo.png","contentUrl":"https:\/\/bkturismo.com\/wp-content\/uploads\/2020\/02\/logo.png","width":600,"height":828,"caption":"BK Turismo"},"image":{"@id":"https:\/\/bkturismo.com\/#\/schema\/logo\/image\/"},"sameAs":["https:\/\/www.facebook.com\/sportowebiuropodrozy\/","https:\/\/www.instagram.com\/bkturismo\/","https:\/\/www.youtube.com\/channel\/UCtb2ZBDI0PASR9cHuvnhVvw"]}]}},"_links":{"self":[{"href":"https:\/\/bkturismo.com\/en\/wp-json\/wp\/v2\/pages\/2739","targetHints":{"allow":["GET"]}}],"collection":[{"href":"https:\/\/bkturismo.com\/en\/wp-json\/wp\/v2\/pages"}],"about":[{"href":"https:\/\/bkturismo.com\/en\/wp-json\/wp\/v2\/types\/page"}],"author":[{"embeddable":true,"href":"https:\/\/bkturismo.com\/en\/wp-json\/wp\/v2\/users\/1"}],"replies":[{"embeddable":true,"href":"https:\/\/bkturismo.com\/en\/wp-json\/wp\/v2\/comments?post=2739"}],"version-history":[{"count":11,"href":"https:\/\/bkturismo.com\/en\/wp-json\/wp\/v2\/pages\/2739\/revisions"}],"predecessor-version":[{"id":2978,"href":"https:\/\/bkturismo.com\/en\/wp-json\/wp\/v2\/pages\/2739\/revisions\/2978"}],"wp:attachment":[{"href":"https:\/\/bkturismo.com\/en\/wp-json\/wp\/v2\/media?parent=2739"}],"curies":[{"name":"wp","href":"https:\/\/api.w.org\/{rel}","templated":true}]}}