{"id":362,"date":"2017-09-11T15:02:55","date_gmt":"2017-09-11T15:02:55","guid":{"rendered":"http:\/\/bkturismo.com\/?page_id=362"},"modified":"2025-05-08T11:26:57","modified_gmt":"2025-05-08T09:26:57","slug":"kontakt","status":"publish","type":"page","link":"https:\/\/bkturismo.com\/en\/kontakt\/","title":{"rendered":"Contact"},"content":{"rendered":"<div class=\"vc_row wpb_row vc_row-fluid\"><div class=\"wpb_column vc_column_container vc_col-sm-12 sc_layouts_column_icons_position_left\"><div class=\"vc_column-inner\"><div class=\"wpb_wrapper\"><div class=\"vc_empty_space\"   style=\"height: 5em\"><span class=\"vc_empty_space_inner\"><\/span><\/div><div class=\"vc_empty_space  hide_on_tablet hide_on_mobile\"   style=\"height: 1.7em\"><span class=\"vc_empty_space_inner\"><\/span><\/div><\/div><\/div><\/div><\/div><div class=\"vc_row wpb_row vc_row-fluid\"><div class=\"wpb_column vc_column_container vc_col-sm-5 sc_layouts_column_icons_position_left\"><div class=\"vc_column-inner\"><div class=\"wpb_wrapper\">\n\t<div class=\"wpb_text_column wpb_content_element\" >\n\t\t<div class=\"wpb_wrapper\">\n\t\t\t<p><strong>BK Turismo<\/strong><br \/>\nSkarbowc\u00f3w 23a<br \/>\nbud. B2, lok. 0.22<br \/>\nWroc\u0142aw 53-025<br \/>\nVAT number: 6731840516<\/p>\n<p><strong>SALES &amp; OPERATIONS MANAGER<\/strong><\/p>\n<p>e-mail: <span id=\"cloak50476\"><a href=\"mailto:info@bkturismo.com\">info@bkturismo.com<\/a><br \/>\nmob.\u00a0 <a href=\"tel:+48697615189\">+48 697 615 189<\/a><br \/>\nmob.\u00a0 <a href=\"tel:+48607991143\">+48 607 991 143<\/a><br \/>\nmob.\u00a0 <a href=\"tel:+48579970145\">+48 579 970 145<\/a><br \/>\nmob.\u00a0 <a href=\"tel:+48579040216\">+48 579 040 216<\/a><br \/>\nmob.\u00a0 <a href=\"tel:+48691183825\">+48 691 183 825<\/a><\/span><\/p>\n<p><strong>BRANCH IN SPAIN<\/strong><\/p>\n<p>e-mail: <span id=\"cloak76634\"><a href=\"mailto:office@bkturismo.com\">office@bkturismo.com<\/a><br \/>\n<\/span>mob.<a href=\"tel:+34642408917\" rel=\"alternate\">+34\u00a0642 40 89 17<\/a>\u00a0<img loading=\"lazy\" decoding=\"async\" src=\"https:\/\/bkturismo.com\/wp-content\/uploads\/2020\/05\/pl.png\" alt=\"Polska\" width=\"16\" height=\"11\" \/>\u00a0<img loading=\"lazy\" decoding=\"async\" src=\"https:\/\/bkturismo.com\/wp-content\/uploads\/2020\/05\/gb.png\" alt=\"Anglia\" width=\"16\" height=\"11\" \/>\u00a0<img loading=\"lazy\" decoding=\"async\" src=\"https:\/\/bkturismo.com\/wp-content\/uploads\/2020\/05\/pt.png\" alt=\"Portugalia\" width=\"16\" height=\"11\" \/>\u00a0<img loading=\"lazy\" decoding=\"async\" src=\"https:\/\/bkturismo.com\/wp-content\/uploads\/2020\/05\/catalonia.png\" alt=\"Katalonia\" width=\"16\" height=\"11\" \/>\u00a0<img loading=\"lazy\" decoding=\"async\" src=\"https:\/\/bkturismo.com\/wp-content\/uploads\/2020\/05\/es.png\" alt=\"Hiszpania\" width=\"16\" height=\"11\" \/><\/p>\n\n\t\t<\/div>\n\t<\/div>\n<div class=\"vc_empty_space  height_tiny\"   style=\"height: 30px\"><span class=\"vc_empty_space_inner\"><\/span><\/div><\/div><\/div><\/div><div class=\"wpb_column vc_column_container vc_col-sm-7 sc_layouts_column_icons_position_left\"><div class=\"vc_column-inner\"><div class=\"wpb_wrapper\"><div class=\"vc_empty_space  hide_on_desktop hide_on_notebook hide_on_tablet\"   style=\"height: 4em\"><span class=\"vc_empty_space_inner\"><\/span><\/div><div id=\"sc_title_2067758271\"\n\t\tclass=\"sc_title color_style_default sc_title_default  vc_custom_1581034523086\"><h2 class=\"sc_item_title sc_title_title sc_align_left sc_item_title_style_default sc_item_title_tag\">SEND MESSAGE<\/h2><\/div><!-- \/.sc_title -->\n<div class=\"wpcf7 no-js\" id=\"wpcf7-f1393-o1\" lang=\"en-US\" dir=\"ltr\" data-wpcf7-id=\"1393\">\n<div class=\"screen-reader-response\"><p role=\"status\" aria-live=\"polite\" aria-atomic=\"true\"><\/p> <ul><\/ul><\/div>\n<form action=\"\/en\/wp-json\/wp\/v2\/pages\/362#wpcf7-f1393-o1\" method=\"post\" class=\"wpcf7-form init\" aria-label=\"Contact form\" novalidate=\"novalidate\" data-status=\"init\" data-trp-original-action=\"\/en\/wp-json\/wp\/v2\/pages\/362#wpcf7-f1393-o1\">\n<div style=\"display: none;\">\n<input type=\"hidden\" name=\"_wpcf7\" value=\"1393\" \/>\n<input type=\"hidden\" name=\"_wpcf7_version\" value=\"6.0.6\" \/>\n<input type=\"hidden\" name=\"_wpcf7_locale\" value=\"en_US\" \/>\n<input type=\"hidden\" name=\"_wpcf7_unit_tag\" value=\"wpcf7-f1393-o1\" \/>\n<input type=\"hidden\" name=\"_wpcf7_container_post\" value=\"0\" \/>\n<input type=\"hidden\" name=\"_wpcf7_posted_data_hash\" value=\"\" \/>\n<input type=\"hidden\" name=\"_wpcf7_recaptcha_response\" value=\"\" \/>\n<\/div>\n<div class=\"flex c_col\">\n\t<div class='itm row' >\n\t\t<p><label> Name*<br \/>\n<span class=\"wpcf7-form-control-wrap\" data-name=\"your-name\"><input size=\"40\" maxlength=\"400\" class=\"wpcf7-form-control wpcf7-text wpcf7-validates-as-required\" aria-required=\"true\" aria-invalid=\"false\" value=\"\" type=\"text\" name=\"your-name\" \/><\/span> <\/label>\n\t\t<\/p>\n\t<\/div>\n\t<div class='itm row'>\n\t\t<p><label> E-mail*<br \/>\n<span class=\"wpcf7-form-control-wrap\" data-name=\"your-email\"><input size=\"40\" maxlength=\"400\" class=\"wpcf7-form-control wpcf7-email wpcf7-validates-as-required wpcf7-text wpcf7-validates-as-email\" aria-required=\"true\" aria-invalid=\"false\" value=\"\" type=\"email\" name=\"your-email\" \/><\/span> <\/label>\n\t\t<\/p>\n\t<\/div>\n<\/div>\n<div class='c_col'>\n\t<p><label>Content of the message*<br \/>\n<span class=\"wpcf7-form-control-wrap\" data-name=\"your-message\"><textarea cols=\"40\" rows=\"10\" maxlength=\"2000\" class=\"wpcf7-form-control wpcf7-textarea wpcf7-validates-as-required\" aria-required=\"true\" aria-invalid=\"false\" name=\"your-message\"><\/textarea><\/span> <\/label>\n\t<\/p>\n<\/div>\n<p><span class=\"wpcf7-form-control-wrap\" data-name=\"acceptance-916\"><span class=\"wpcf7-form-control wpcf7-acceptance\"><span class=\"wpcf7-list-item\"><label><input type=\"checkbox\" name=\"acceptance-916\" value=\"1\" aria-invalid=\"false\" \/><span class=\"wpcf7-list-item-label\">Wyra\u017cam zgod\u0119 na przetwarzanie przez \u201eBK Turismo Malwina Iwaszkiewicz\u201d z zak\u0142adem g\u0142\u00f3wnym pod adresem: ul. Skarbowc\u00f3w 23a, bud. B2, lok. 0.22, Wroc\u0142aw 53-025, wpisan\u0105 do Centralnej Ewidencji i Informacji o Dzia\u0142alno\u015bci Gospodarczej, NIP: 6731840516 , REGON: 361397503, moich danych osobowych, w tym mojego imienia i nazwiska oraz adresu e-mail i numeru telefonu, w celu skorzystania i uzyskania odpowiedzi na wiadomo\u015b\u0107 wys\u0142an\u0105 za po\u015brednictwem formularza kontaktowego w zgodzie i wed\u0142ug zasad okre\u015blonych w <a href=\"\/en\/polityka-prywatnosci\/\">privacy policy<\/a>.<\/span><\/label><\/span><\/span><\/span>\n<\/p>\n<div class=\"sc_form_field sc_form_field_button sc_form_field_submit\">\n\t<p><input class=\"wpcf7-form-control wpcf7-submit has-spinner\" type=\"submit\" value=\"SEND MESSAGE\" \/>\n\t<\/p>\n<\/div><div class=\"wpcf7-response-output\" aria-hidden=\"true\"><\/div>\n<input type=\"hidden\" name=\"trp-form-language\" value=\"en\"\/><\/form>\n<\/div>\n<\/div><\/div><\/div><\/div><div class=\"vc_row wpb_row vc_row-fluid\"><div class=\"wpb_column vc_column_container vc_col-sm-12 sc_layouts_column_icons_position_left\"><div class=\"vc_column-inner\"><div class=\"wpb_wrapper\"><div class=\"vc_empty_space\"   style=\"height: 5em\"><span class=\"vc_empty_space_inner\"><\/span><\/div><div class=\"vc_empty_space  hide_on_tablet hide_on_mobile\"   style=\"height: 1.7em\"><span class=\"vc_empty_space_inner\"><\/span><\/div><\/div><\/div><\/div><\/div>","protected":false},"excerpt":{"rendered":"BK Turismo Skarbowc\u00f3w 23a bud. B2, lok. 0.22 Wroc\u0142aw 53-025 NIP: 6731840516 DZIA\u0141 SPRZEDA\u017bY e-mail: info@bkturismo.com mob.\u00a0 +48 697 615 189 mob.\u00a0 +48 607 991 143 mob.\u00a0 +48 579 970 145 mob.\u00a0 +48 579 040 216 mob.\u00a0 +48 691 183&hellip;","protected":false},"author":1,"featured_media":0,"parent":0,"menu_order":0,"comment_status":"closed","ping_status":"closed","template":"","meta":{"_exactmetrics_skip_tracking":false,"_exactmetrics_sitenote_active":false,"_exactmetrics_sitenote_note":"","_exactmetrics_sitenote_category":0,"footnotes":""},"class_list":["post-362","page","type-page","status-publish","hentry"],"yoast_head":"<!-- This site is optimized with the Yoast SEO plugin v25.3 - https:\/\/yoast.com\/wordpress\/plugins\/seo\/ -->\n<title>Kontakt - BK Turismo Sportowe Biuro Podr\u00f3\u017cy<\/title>\n<meta name=\"description\" content=\"Planujesz zagraniczny ob\u00f3z sportowy lub turniej i poszukujesz profesjonalnej organizacji? Skontaktuj si\u0119 z naszym biurem.\" \/>\n<meta name=\"robots\" content=\"index, follow, max-snippet:-1, max-image-preview:large, max-video-preview:-1\" \/>\n<link rel=\"canonical\" href=\"https:\/\/bkturismo.com\/en\/kontakt\/\" \/>\n<meta property=\"og:locale\" content=\"en_GB\" \/>\n<meta property=\"og:type\" content=\"article\" \/>\n<meta property=\"og:title\" content=\"Kontakt - BK Turismo Sportowe Biuro Podr\u00f3\u017cy\" \/>\n<meta property=\"og:description\" content=\"Planujesz zagraniczny ob\u00f3z sportowy lub turniej i poszukujesz profesjonalnej organizacji? Skontaktuj si\u0119 z naszym biurem.\" \/>\n<meta property=\"og:url\" content=\"https:\/\/bkturismo.com\/en\/kontakt\/\" \/>\n<meta property=\"og:site_name\" content=\"BK Turismo\" \/>\n<meta property=\"article:publisher\" content=\"https:\/\/www.facebook.com\/sportowebiuropodrozy\/\" \/>\n<meta property=\"article:modified_time\" content=\"2025-05-08T09:26:57+00:00\" \/>\n<meta property=\"og:image\" content=\"https:\/\/bkturismo.com\/wp-content\/uploads\/2020\/05\/pl.png\" \/>\n<meta name=\"twitter:card\" content=\"summary_large_image\" \/>\n<meta name=\"twitter:label1\" content=\"Estimated reading time\" \/>\n\t<meta name=\"twitter:data1\" content=\"2 minutes\" \/>\n<script type=\"application\/ld+json\" class=\"yoast-schema-graph\">{\"@context\":\"https:\/\/schema.org\",\"@graph\":[{\"@type\":\"WebPage\",\"@id\":\"https:\/\/bkturismo.com\/kontakt\/\",\"url\":\"https:\/\/bkturismo.com\/kontakt\/\",\"name\":\"Kontakt - BK Turismo Sportowe Biuro Podr\u00f3\u017cy\",\"isPartOf\":{\"@id\":\"https:\/\/bkturismo.com\/#website\"},\"primaryImageOfPage\":{\"@id\":\"https:\/\/bkturismo.com\/kontakt\/#primaryimage\"},\"image\":{\"@id\":\"https:\/\/bkturismo.com\/kontakt\/#primaryimage\"},\"thumbnailUrl\":\"https:\/\/bkturismo.com\/wp-content\/uploads\/2020\/05\/pl.png\",\"datePublished\":\"2017-09-11T15:02:55+00:00\",\"dateModified\":\"2025-05-08T09:26:57+00:00\",\"description\":\"Planujesz zagraniczny ob\u00f3z sportowy lub turniej i poszukujesz profesjonalnej organizacji? Skontaktuj si\u0119 z naszym biurem.\",\"breadcrumb\":{\"@id\":\"https:\/\/bkturismo.com\/kontakt\/#breadcrumb\"},\"inLanguage\":\"en-GB\",\"potentialAction\":[{\"@type\":\"ReadAction\",\"target\":[\"https:\/\/bkturismo.com\/kontakt\/\"]}]},{\"@type\":\"ImageObject\",\"inLanguage\":\"en-GB\",\"@id\":\"https:\/\/bkturismo.com\/kontakt\/#primaryimage\",\"url\":\"https:\/\/bkturismo.com\/wp-content\/uploads\/2020\/05\/pl.png\",\"contentUrl\":\"https:\/\/bkturismo.com\/wp-content\/uploads\/2020\/05\/pl.png\"},{\"@type\":\"BreadcrumbList\",\"@id\":\"https:\/\/bkturismo.com\/kontakt\/#breadcrumb\",\"itemListElement\":[{\"@type\":\"ListItem\",\"position\":1,\"name\":\"Strona g\u0142\u00f3wna\",\"item\":\"https:\/\/bkturismo.com\/\"},{\"@type\":\"ListItem\",\"position\":2,\"name\":\"Kontakt\"}]},{\"@type\":\"WebSite\",\"@id\":\"https:\/\/bkturismo.com\/#website\",\"url\":\"https:\/\/bkturismo.com\/\",\"name\":\"BK Turismo\",\"description\":\"Sportowe Biuro Podr\u00f3\u017cy\",\"publisher\":{\"@id\":\"https:\/\/bkturismo.com\/#organization\"},\"potentialAction\":[{\"@type\":\"SearchAction\",\"target\":{\"@type\":\"EntryPoint\",\"urlTemplate\":\"https:\/\/bkturismo.com\/?s={search_term_string}\"},\"query-input\":{\"@type\":\"PropertyValueSpecification\",\"valueRequired\":true,\"valueName\":\"search_term_string\"}}],\"inLanguage\":\"en-GB\"},{\"@type\":\"Organization\",\"@id\":\"https:\/\/bkturismo.com\/#organization\",\"name\":\"BK Turismo\",\"url\":\"https:\/\/bkturismo.com\/\",\"logo\":{\"@type\":\"ImageObject\",\"inLanguage\":\"en-GB\",\"@id\":\"https:\/\/bkturismo.com\/#\/schema\/logo\/image\/\",\"url\":\"https:\/\/bkturismo.com\/wp-content\/uploads\/2020\/02\/logo.png\",\"contentUrl\":\"https:\/\/bkturismo.com\/wp-content\/uploads\/2020\/02\/logo.png\",\"width\":600,\"height\":828,\"caption\":\"BK Turismo\"},\"image\":{\"@id\":\"https:\/\/bkturismo.com\/#\/schema\/logo\/image\/\"},\"sameAs\":[\"https:\/\/www.facebook.com\/sportowebiuropodrozy\/\",\"https:\/\/www.instagram.com\/bkturismo\/\",\"https:\/\/www.youtube.com\/channel\/UCtb2ZBDI0PASR9cHuvnhVvw\"]}]}<\/script>\n<!-- \/ Yoast SEO plugin. -->","yoast_head_json":{"title":"Kontakt - BK Turismo Sportowe Biuro Podr\u00f3\u017cy","description":"Planujesz zagraniczny ob\u00f3z sportowy lub turniej i poszukujesz profesjonalnej organizacji? Skontaktuj si\u0119 z naszym biurem.","robots":{"index":"index","follow":"follow","max-snippet":"max-snippet:-1","max-image-preview":"max-image-preview:large","max-video-preview":"max-video-preview:-1"},"canonical":"https:\/\/bkturismo.com\/en\/kontakt\/","og_locale":"en_GB","og_type":"article","og_title":"Kontakt - BK Turismo Sportowe Biuro Podr\u00f3\u017cy","og_description":"Planujesz zagraniczny ob\u00f3z sportowy lub turniej i poszukujesz profesjonalnej organizacji? Skontaktuj si\u0119 z naszym biurem.","og_url":"https:\/\/bkturismo.com\/en\/kontakt\/","og_site_name":"BK Turismo","article_publisher":"https:\/\/www.facebook.com\/sportowebiuropodrozy\/","article_modified_time":"2025-05-08T09:26:57+00:00","og_image":[{"url":"https:\/\/bkturismo.com\/wp-content\/uploads\/2020\/05\/pl.png","type":"","width":"","height":""}],"twitter_card":"summary_large_image","twitter_misc":{"Estimated reading time":"2 minutes"},"schema":{"@context":"https:\/\/schema.org","@graph":[{"@type":"WebPage","@id":"https:\/\/bkturismo.com\/kontakt\/","url":"https:\/\/bkturismo.com\/kontakt\/","name":"Kontakt - BK Turismo Sportowe Biuro Podr\u00f3\u017cy","isPartOf":{"@id":"https:\/\/bkturismo.com\/#website"},"primaryImageOfPage":{"@id":"https:\/\/bkturismo.com\/kontakt\/#primaryimage"},"image":{"@id":"https:\/\/bkturismo.com\/kontakt\/#primaryimage"},"thumbnailUrl":"https:\/\/bkturismo.com\/wp-content\/uploads\/2020\/05\/pl.png","datePublished":"2017-09-11T15:02:55+00:00","dateModified":"2025-05-08T09:26:57+00:00","description":"Planujesz zagraniczny ob\u00f3z sportowy lub turniej i poszukujesz profesjonalnej organizacji? Skontaktuj si\u0119 z naszym biurem.","breadcrumb":{"@id":"https:\/\/bkturismo.com\/kontakt\/#breadcrumb"},"inLanguage":"en-GB","potentialAction":[{"@type":"ReadAction","target":["https:\/\/bkturismo.com\/kontakt\/"]}]},{"@type":"ImageObject","inLanguage":"en-GB","@id":"https:\/\/bkturismo.com\/kontakt\/#primaryimage","url":"https:\/\/bkturismo.com\/wp-content\/uploads\/2020\/05\/pl.png","contentUrl":"https:\/\/bkturismo.com\/wp-content\/uploads\/2020\/05\/pl.png"},{"@type":"BreadcrumbList","@id":"https:\/\/bkturismo.com\/kontakt\/#breadcrumb","itemListElement":[{"@type":"ListItem","position":1,"name":"Strona g\u0142\u00f3wna","item":"https:\/\/bkturismo.com\/"},{"@type":"ListItem","position":2,"name":"Kontakt"}]},{"@type":"WebSite","@id":"https:\/\/bkturismo.com\/#website","url":"https:\/\/bkturismo.com\/","name":"BK Turismo","description":"Sportowe Biuro Podr\u00f3\u017cy","publisher":{"@id":"https:\/\/bkturismo.com\/#organization"},"potentialAction":[{"@type":"SearchAction","target":{"@type":"EntryPoint","urlTemplate":"https:\/\/bkturismo.com\/?s={search_term_string}"},"query-input":{"@type":"PropertyValueSpecification","valueRequired":true,"valueName":"search_term_string"}}],"inLanguage":"en-GB"},{"@type":"Organization","@id":"https:\/\/bkturismo.com\/#organization","name":"BK Turismo","url":"https:\/\/bkturismo.com\/","logo":{"@type":"ImageObject","inLanguage":"en-GB","@id":"https:\/\/bkturismo.com\/#\/schema\/logo\/image\/","url":"https:\/\/bkturismo.com\/wp-content\/uploads\/2020\/02\/logo.png","contentUrl":"https:\/\/bkturismo.com\/wp-content\/uploads\/2020\/02\/logo.png","width":600,"height":828,"caption":"BK Turismo"},"image":{"@id":"https:\/\/bkturismo.com\/#\/schema\/logo\/image\/"},"sameAs":["https:\/\/www.facebook.com\/sportowebiuropodrozy\/","https:\/\/www.instagram.com\/bkturismo\/","https:\/\/www.youtube.com\/channel\/UCtb2ZBDI0PASR9cHuvnhVvw"]}]}},"_links":{"self":[{"href":"https:\/\/bkturismo.com\/en\/wp-json\/wp\/v2\/pages\/362","targetHints":{"allow":["GET"]}}],"collection":[{"href":"https:\/\/bkturismo.com\/en\/wp-json\/wp\/v2\/pages"}],"about":[{"href":"https:\/\/bkturismo.com\/en\/wp-json\/wp\/v2\/types\/page"}],"author":[{"embeddable":true,"href":"https:\/\/bkturismo.com\/en\/wp-json\/wp\/v2\/users\/1"}],"replies":[{"embeddable":true,"href":"https:\/\/bkturismo.com\/en\/wp-json\/wp\/v2\/comments?post=362"}],"version-history":[{"count":49,"href":"https:\/\/bkturismo.com\/en\/wp-json\/wp\/v2\/pages\/362\/revisions"}],"predecessor-version":[{"id":3287,"href":"https:\/\/bkturismo.com\/en\/wp-json\/wp\/v2\/pages\/362\/revisions\/3287"}],"wp:attachment":[{"href":"https:\/\/bkturismo.com\/en\/wp-json\/wp\/v2\/media?parent=362"}],"curies":[{"name":"wp","href":"https:\/\/api.w.org\/{rel}","templated":true}]}}